{"id":14816,"date":"2022-10-28T14:24:23","date_gmt":"2022-10-28T12:24:23","guid":{"rendered":"https:\/\/tapess.hr\/proizvod\/unger-nlite-stap-teleskopski-6-sekcija-karbon-860m-cf86g\/"},"modified":"2022-12-08T12:40:32","modified_gmt":"2022-12-08T11:40:32","slug":"unger-nlite-stap-teleskopski-6-sekcija-karbon-860m-cf86g","status":"publish","type":"product","link":"https:\/\/tapess.hr\/en\/proizvod\/unger-nlite-stap-teleskopski-6-sekcija-karbon-860m-cf86g\/","title":{"rendered":"UNGER nLITE \u0160tap teleskopski 6 sekcija karbon- 8,60m CF86G"},"content":{"rendered":"\t\t<div data-elementor-type=\"product-post\" data-elementor-id=\"14816\" class=\"elementor elementor-14816 elementor-13934\" data-elementor-post-type=\"product\">\n\t\t\t\t\t\t<section class=\"elementor-section elementor-top-section elementor-element elementor-element-7b56b5a elementor-section-boxed elementor-section-height-default elementor-section-height-default\" data-id=\"7b56b5a\" data-element_type=\"section\">\n\t\t\t\t\t\t<div class=\"elementor-container elementor-column-gap-default\">\n\t\t\t\t\t<div class=\"elementor-column elementor-col-100 elementor-top-column elementor-element elementor-element-a9e8fef\" data-id=\"a9e8fef\" data-element_type=\"column\">\n\t\t\t<div class=\"elementor-widget-wrap elementor-element-populated\">\n\t\t\t\t\t\t<div class=\"elementor-element elementor-element-4452d20 elementor-widget elementor-widget-text-editor\" data-id=\"4452d20\" data-element_type=\"widget\" data-widget_type=\"text-editor.default\">\n\t\t\t\t\t\t\t\t\t<p><strong>\u0160tapovi s vodom: sna\u017eno \u010di\u0161\u0107enje za najvi\u0161e standarde<\/strong><\/p><p>Teleskopski \u0161tap UNGER nLITE Carbon 24k \u010dvrsto\u0107e 210 GPa razvijen je za \u010di\u0161\u0107enje \u010distom vodom na visini do 16 metara. Vrhunska karbonska vlakna s upotrebom od 24 000 vlakana po snopu daju stupu i stabilnost i krutost. Stoga se svaki pokret \u010di\u0161\u0107enja mo\u017ee izvesti i kontrolirati s precizno\u0161\u0107u. Rezultat je najbolje \u010di\u0161\u0107enje \u010distom vodom!<\/p><p><strong>Sustav UNGER nLITE: inteligentno rje\u0161enje i revolucionarna tehnologija<\/strong><\/p><p>Njema\u010dka domi\u0161ljatost i bezvremenski, moderan dizajn ono su \u0161to UNGER teleskopske stupove s napajanjem vodom \u010dini jedinstvenima. Svaki detalj u sustavu UNGER nLITE precizno je skrojen prema potrebama korisnika kako bi se omogu\u0107io jo\u0161 lak\u0161i, precizniji i br\u017ei rad.<\/p><p><strong>Primjer broj 1<\/strong>: oblik \u0161tapa PrecisionGrip. \u0160to je du\u017ei teleskopski \u0161tap, va\u017eniji su stabilnost i rukovanje. PrecisionGrip oblik motke upravo je ono \u0161to je ovdje potrebno. Kontaktne povr\u0161ine inovativnog oblika optimalno su prilago\u0111ene ruci korisnika i zahtijevaju manje snage, a istovremeno omogu\u0107uju ergonomski rad. To omogu\u0107uje preciznu kontrolu pokreta \u010di\u0161\u0107enja. Izvanredni rezultati \u010di\u0161\u0107enja s \u010distom vodom su zajam\u010deni.<\/p><p><strong>Primjer broj 2<\/strong>:\u00a0stezaljke SmartLock. Glavni stup nLITE Carbon 24k mo\u017ee se produ\u017eiti s produ\u017enim stupom za fleksibilan rad na gra\u0111evinskim dijelovima na razli\u010ditim visinama. Stezaljke SmartLock mogu se koristiti za zaklju\u010davanje pojedina\u010dnih elemenata stupova jednostavno i brzo sa samo jednim prstom. Ne mo\u017eete tra\u017eiti aplikaciju koja \u0161tedi vi\u0161e vremena. Stezaljke SmartLock jam\u010de maksimalnu sigurnost i preciznost. Integrirani produ\u017eni grani\u010dnik sprje\u010dava previ\u0161e izvla\u010denje elemenata stupa.<\/p><p><strong>Primjer broj 3<\/strong>: DuroFlex crijevo. UNGER-ovi stupovi s napajanjem vodom imaju inteligentno upravljanje crijevom koje jam\u010di u\u010dinkovito \u010di\u0161\u0107enje \u010distom vodom. Visoko fleksibilna DuroFlex crijeva postavljena su unutar teleskopskog stupa i tako omogu\u0107uju jednostavno i brzo \u010di\u0161\u0107enje prozora i fasada. Vi\u0161e volite da crijevo bude pri\u010dvr\u0161\u0107eno izvana? Nema problema. Tome slu\u017ee nLITE isje\u010dci. Koriste se za pri\u010dvr\u0161\u0107ivanje crijeva izravno i neprekidno du\u017e stupa.<\/p><p><strong>UNGER nLITE Carbon 24k: fleksibilnost u visini<\/strong><\/p><p>Profesionalno \u010di\u0161\u0107enje fasada i prozora na razli\u010ditim visinama jednako je jednostavno i u\u010dinkovito s UNGER nLITE sustavom. nLITE Carbon 24k savr\u0161en je stup s vodom za precizno \u010di\u0161\u0107enje na srednjim visinama. Jednostavnim klikom prsta, 8,60 metara duga\u010dak teleskopski glavni stup mo\u017ee se produ\u017eiti i mo\u017ee dose\u0107i visinu do 16 metara s produ\u017enim stupovima. Ne mo\u017eete tra\u017eiti ve\u0107u u\u010dinkovitost i u\u0161tedu vremena. Ali to nije sve. Zahvaljuju\u0107i jedinstvenom dizajnu stupova s \u200b\u200bvodom, kvaliteta rezultata \u010di\u0161\u0107enja je doista izvanredna.<\/p><p>Sve to nalazi se u najboljem i najnaprednijem sustavu teleskopskih \u0161tapova na svijetu:<\/p><p><strong>nLITE Carbon 24k<\/strong><\/p><ul><li>Idealno za srednje visine<\/li><li>Radne visine do 16 m (cca. 4 kata)<\/li><li>Snaga 210 GPa<\/li><li>Vrhunska karbonska vlakna u jedinstvenom tkanju od 24 000 vlakana po snopu<\/li><li>Ergonomski i precizni zahvaljuju\u0107i obliku \u0161tapa PrecisionGrip<\/li><li>Stezaljke SmartLock: zaklju\u010dajte elemente \u0161tapa jednim prstom<\/li><li>Vrlo fleksibilno DuroFlex crijevo za jednostavno \u010di\u0161\u0107enje<\/li><li>Najvi\u0161a kvaliteta &#8211; Proizvedeno u Njema\u010dkoj<\/li><\/ul><p><strong>Tehni\u010dki detalji:<\/strong><\/p><p>Teleskopski \u0161tap<\/p><ul><li>\u00a0Duljina: 6,00 m,<\/li><li>Elementi: 4<\/li><li>Te\u017eina: 1,16 kg<\/li><\/ul><p>Teleskopski glavni \u0161tap<\/p><ul><li>Duljina: 8,60 m,<\/li><li>Elementi: 6<\/li><li>Te\u017eina: 1,84 kg<\/li><\/ul><p>Teleskopski produ\u017eni \u0161tap<\/p><ul><li>Duljina: 3,20 m<\/li><li>Elementi: 2<\/li><li>Te\u017eina: 0,82 kg<\/li><\/ul>\t\t\t\t\t\t\t\t<\/div>\n\t\t\t\t\t<\/div>\n\t\t<\/div>\n\t\t\t\t\t<\/div>\n\t\t<\/section>\n\t\t\t\t<section class=\"elementor-section elementor-top-section elementor-element elementor-element-c3eaa85 elementor-section-boxed elementor-section-height-default elementor-section-height-default\" data-id=\"c3eaa85\" data-element_type=\"section\">\n\t\t\t\t\t\t<div class=\"elementor-container elementor-column-gap-default\">\n\t\t\t\t\t<div class=\"elementor-column elementor-col-100 elementor-top-column elementor-element elementor-element-a133284\" data-id=\"a133284\" data-element_type=\"column\">\n\t\t\t<div class=\"elementor-widget-wrap elementor-element-populated\">\n\t\t\t\t\t\t<div class=\"elementor-element elementor-element-c0ae9ba elementor-widget elementor-widget-video\" data-id=\"c0ae9ba\" data-element_type=\"widget\" data-settings=\"{&quot;youtube_url&quot;:&quot;https:\\\/\\\/www.youtube.com\\\/watch?v=k7E3uZevJ7Y&quot;,&quot;video_type&quot;:&quot;youtube&quot;,&quot;controls&quot;:&quot;yes&quot;}\" data-widget_type=\"video.default\">\n\t\t\t\t\t\t\t<div class=\"elementor-wrapper elementor-open-inline\">\n\t\t\t<div class=\"elementor-video\"><\/div>\t\t<\/div>\n\t\t\t\t\t\t<\/div>\n\t\t\t\t\t<\/div>\n\t\t<\/div>\n\t\t\t\t\t<\/div>\n\t\t<\/section>\n\t\t\t\t<\/div>\n\t\t","protected":false},"excerpt":{"rendered":"<ul>\n<li>Preporu\u010deno za radne visine do 16 m (cca. 4 kata)<\/li>\n<li>PrecisionGrip oblik stupa<\/li>\n<li>Za ergonomski rad i najbolje kori\u0161tenje va\u0161e snage<\/li>\n<li>Preciznija kontrola pokreta \u010di\u0161\u0107enja i prijenos velike sile<\/li>\n<li>Nesmetan rad zahvaljuju\u0107i stupu koji se ne uvija<\/li>\n<li>SmartLock stezaljke<\/li>\n<li>Lako i brzo se zatvara jednim prstom<\/li>\n<li>Robusni 2C materijal<\/li>\n<li>Stezni mehanizam koji \u0161titi karbonski materijal i osigurava dug vijek trajanja motke<\/li>\n<li>Produ\u017eni grani\u010dnik sprje\u010dava predaleko izvla\u010denje elemenata stupa<\/li>\n<li>Integrirano upravljanje crijevom<\/li>\n<li>Unutarnje usmjeravanje novog, vrlo fleksibilnog DuroFlex crijeva u teleskopski stup za nesmetan rad na prozorima i fasadama<\/li>\n<li>Potpuna fleksibilnost: mogu\u0107e vanjsko usmjeravanje zahvaljuju\u0107i opcijskim nLite kop\u010dama<\/li>\n<li>Otpornost: 210 GPa*<\/li>\n<\/ul>\n","protected":false},"featured_media":13936,"template":"","meta":[],"product_cat":[271,266],"product_tag":[],"yst_prominent_words":[],"class_list":["post-14816","product","type-product","status-publish","has-post-thumbnail","hentry","product_cat-brushes-brooms-sticks","product_cat-cleaning-tools","pa_brand-unger-en"],"_links":{"self":[{"href":"https:\/\/tapess.hr\/en\/wp-json\/wp\/v2\/product\/14816"}],"collection":[{"href":"https:\/\/tapess.hr\/en\/wp-json\/wp\/v2\/product"}],"about":[{"href":"https:\/\/tapess.hr\/en\/wp-json\/wp\/v2\/types\/product"}],"version-history":[{"count":1,"href":"https:\/\/tapess.hr\/en\/wp-json\/wp\/v2\/product\/14816\/revisions"}],"predecessor-version":[{"id":14821,"href":"https:\/\/tapess.hr\/en\/wp-json\/wp\/v2\/product\/14816\/revisions\/14821"}],"wp:featuredmedia":[{"embeddable":true,"href":"https:\/\/tapess.hr\/en\/wp-json\/wp\/v2\/media\/13936"}],"wp:attachment":[{"href":"https:\/\/tapess.hr\/en\/wp-json\/wp\/v2\/media?parent=14816"}],"wp:term":[{"taxonomy":"product_cat","embeddable":true,"href":"https:\/\/tapess.hr\/en\/wp-json\/wp\/v2\/product_cat?post=14816"},{"taxonomy":"product_tag","embeddable":true,"href":"https:\/\/tapess.hr\/en\/wp-json\/wp\/v2\/product_tag?post=14816"},{"taxonomy":"yst_prominent_words","embeddable":true,"href":"https:\/\/tapess.hr\/en\/wp-json\/wp\/v2\/yst_prominent_words?post=14816"}],"curies":[{"name":"wp","href":"https:\/\/api.w.org\/{rel}","templated":true}]}}