{"id":16678,"date":"2023-02-02T11:43:13","date_gmt":"2023-02-02T10:43:13","guid":{"rendered":"https:\/\/tapess.hr\/proizvod\/papstar-tanjur-20x20-kocka-sec-trska-50-1-84586\/"},"modified":"2023-02-13T15:25:13","modified_gmt":"2023-02-13T14:25:13","slug":"papstar-plate-20x20-cube-sugar-cane-50-1-84586","status":"publish","type":"product","link":"https:\/\/tapess.hr\/en\/proizvod\/papstar-plate-20x20-cube-sugar-cane-50-1-84586\/","title":{"rendered":"PAPSTAR PLATE 20&#215;20 CUBE &#8211; SUGAR CANE 50\/1 84586"},"content":{"rendered":"\t\t<div data-elementor-type=\"product-post\" data-elementor-id=\"16678\" class=\"elementor elementor-16678 elementor-15154\" data-elementor-post-type=\"product\">\n\t\t\t\t\t\t<section class=\"elementor-section elementor-top-section elementor-element elementor-element-d7a394d elementor-section-boxed elementor-section-height-default elementor-section-height-default\" data-id=\"d7a394d\" data-element_type=\"section\">\n\t\t\t\t\t\t<div class=\"elementor-container elementor-column-gap-default\">\n\t\t\t\t\t<div class=\"elementor-column elementor-col-100 elementor-top-column elementor-element elementor-element-af474a0\" data-id=\"af474a0\" data-element_type=\"column\">\n\t\t\t<div class=\"elementor-widget-wrap elementor-element-populated\">\n\t\t\t\t\t\t<section class=\"elementor-section elementor-inner-section elementor-element elementor-element-3768849 elementor-section-boxed elementor-section-height-default elementor-section-height-default\" data-id=\"3768849\" data-element_type=\"section\">\n\t\t\t\t\t\t<div class=\"elementor-container elementor-column-gap-default\">\n\t\t\t\t\t<div class=\"elementor-column elementor-col-50 elementor-inner-column elementor-element elementor-element-59a69b8\" data-id=\"59a69b8\" data-element_type=\"column\">\n\t\t\t<div class=\"elementor-widget-wrap elementor-element-populated\">\n\t\t\t\t\t\t<div class=\"elementor-element elementor-element-c0b2df5 elementor-widget elementor-widget-text-editor\" data-id=\"c0b2df5\" data-element_type=\"widget\" data-widget_type=\"text-editor.default\">\n\t\t\t\t\t\t\t\t\t<p>\u010cvrsto jednokratno posu\u0111e od \u0161e\u0107erne trske<\/p><p>&#8211; Kvadratni oblik<br \/>&#8211; Vanjske dimenzije: 20 x 20 cm<br \/>&#8211; Unutarnje dimenzije: 12,5 x 12,5 cm<br \/>&#8211; pogodno za mikrovalnu pe\u0107nicu do 800 W (maksimalno 2 minute)<br \/>&#8211; napravljeno od obnovljivih sirovina<br \/>&#8211; kompostirati<\/p><p>\u0160e\u0107erna trska je godi\u0161nje obnovljiva biljka. Ostaci biljke \u0161e\u0107erne trske (bagasse) koji ostanu nakon ekstrakcije \u0161e\u0107ernog soka koriste se za izradu tanjura i zdjela. Predmeti od \u0161e\u0107erne trske posebno su stabilni i imaju glatku, privla\u010dnu povr\u0161inu.<\/p>\t\t\t\t\t\t\t\t<\/div>\n\t\t\t\t\t<\/div>\n\t\t<\/div>\n\t\t\t\t<div class=\"elementor-column elementor-col-50 elementor-inner-column elementor-element elementor-element-fad4a4c\" data-id=\"fad4a4c\" data-element_type=\"column\">\n\t\t\t<div class=\"elementor-widget-wrap elementor-element-populated\">\n\t\t\t\t\t\t<div class=\"elementor-element elementor-element-2b5dcc2 elementor-widget elementor-widget-text-editor\" data-id=\"2b5dcc2\" data-element_type=\"widget\" data-widget_type=\"text-editor.default\">\n\t\t\t\t\t\t\t\t\t<div class=\"product-data__title\"><div class=\"product-data__title\"><div class=\"product-data__title\"><p>Podaci o proizvodu<\/p><p><strong>Op\u0107i podaci o predmetu<\/strong><\/p><\/div><\/div><\/div>\t\t\t\t\t\t\t\t<\/div>\n\t\t\t\t<div class=\"elementor-element elementor-element-7936755 elementor-widget elementor-widget-text-editor\" data-id=\"7936755\" data-element_type=\"widget\" data-widget_type=\"text-editor.default\">\n\t\t\t\t\t\t\t\t\t<p>Predmet broj. &#8211; 84586<br \/>Oznaka &#8211; plo\u010da, trska<br \/>oblik &#8211; kvadrat<br \/>niz &#8211; \u010dist<br \/>Boja &#8211; bijela<br \/>materijal &#8211; \u0161e\u0107erna trska<\/p>\t\t\t\t\t\t\t\t<\/div>\n\t\t\t\t\t<\/div>\n\t\t<\/div>\n\t\t\t\t\t<\/div>\n\t\t<\/section>\n\t\t\t\t\t<\/div>\n\t\t<\/div>\n\t\t\t\t\t<\/div>\n\t\t<\/section>\n\t\t\t\t<\/div>\n\t\t","protected":false},"excerpt":{"rendered":"<p>Solid disposable tableware made of sugar cane<\/p>\n<p>&#8211; Square shape<br \/>\n&#8211; External dimensions: 20 x 20 cm<br \/>\n&#8211; Internal dimensions: 12.5 x 12.5 cm<br \/>\n&#8211; suitable for microwave oven up to 800 W (maximum 2 minutes)<br \/>\n&#8211; made from renewable raw materials<br \/>\n&#8211; compostable<\/p>\n<p>\u0160e\u0107erna trska je godi\u0161nje obnovljiva biljka. Ostaci biljke \u0161e\u0107erne trske (bagasse) koji ostanu nakon ekstrakcije \u0161e\u0107ernog soka koriste se za izradu tanjura i zdjela. Predmeti od \u0161e\u0107erne trske posebno su stabilni i imaju glatku, privla\u010dnu povr\u0161inu.<\/p>\n","protected":false},"featured_media":15156,"template":"","meta":[],"product_cat":[295,296,295,296],"product_tag":[],"yst_prominent_words":[],"class_list":{"0":"post-16678","1":"product","2":"type-product","3":"status-publish","4":"has-post-thumbnail","5":"hentry","6":"product_cat-stationery","7":"product_cat-various","10":"pa_brand-papstar-en"},"_links":{"self":[{"href":"https:\/\/tapess.hr\/en\/wp-json\/wp\/v2\/product\/16678"}],"collection":[{"href":"https:\/\/tapess.hr\/en\/wp-json\/wp\/v2\/product"}],"about":[{"href":"https:\/\/tapess.hr\/en\/wp-json\/wp\/v2\/types\/product"}],"version-history":[{"count":3,"href":"https:\/\/tapess.hr\/en\/wp-json\/wp\/v2\/product\/16678\/revisions"}],"predecessor-version":[{"id":16831,"href":"https:\/\/tapess.hr\/en\/wp-json\/wp\/v2\/product\/16678\/revisions\/16831"}],"wp:featuredmedia":[{"embeddable":true,"href":"https:\/\/tapess.hr\/en\/wp-json\/wp\/v2\/media\/15156"}],"wp:attachment":[{"href":"https:\/\/tapess.hr\/en\/wp-json\/wp\/v2\/media?parent=16678"}],"wp:term":[{"taxonomy":"product_cat","embeddable":true,"href":"https:\/\/tapess.hr\/en\/wp-json\/wp\/v2\/product_cat?post=16678"},{"taxonomy":"product_tag","embeddable":true,"href":"https:\/\/tapess.hr\/en\/wp-json\/wp\/v2\/product_tag?post=16678"},{"taxonomy":"yst_prominent_words","embeddable":true,"href":"https:\/\/tapess.hr\/en\/wp-json\/wp\/v2\/yst_prominent_words?post=16678"}],"curies":[{"name":"wp","href":"https:\/\/api.w.org\/{rel}","templated":true}]}}