{"id":16703,"date":"2022-10-28T14:43:16","date_gmt":"2022-10-28T12:43:16","guid":{"rendered":"https:\/\/tapess.hr\/proizvod\/unger-ergotec-ninja-rucka-40s\/"},"modified":"2023-02-11T17:15:22","modified_gmt":"2023-02-11T16:15:22","slug":"unger-ergotec-ninja-rucka-40s","status":"publish","type":"product","link":"https:\/\/tapess.hr\/en\/proizvod\/unger-ergotec-ninja-rucka-40s\/","title":{"rendered":"UNGER ErgoTec NINJA ru\u010dka 40S EN000"},"content":{"rendered":"\t\t<div data-elementor-type=\"product-post\" data-elementor-id=\"16703\" class=\"elementor elementor-16703 elementor-14015\" data-elementor-post-type=\"product\">\n\t\t\t\t\t\t<section class=\"elementor-section elementor-top-section elementor-element elementor-element-be4d3c6 elementor-section-boxed elementor-section-height-default elementor-section-height-default\" data-id=\"be4d3c6\" data-element_type=\"section\">\n\t\t\t\t\t\t<div class=\"elementor-container elementor-column-gap-default\">\n\t\t\t\t\t<div class=\"elementor-column elementor-col-100 elementor-top-column elementor-element elementor-element-d10fb7b\" data-id=\"d10fb7b\" data-element_type=\"column\">\n\t\t\t<div class=\"elementor-widget-wrap elementor-element-populated\">\n\t\t\t\t\t\t<div class=\"elementor-element elementor-element-5c45677 elementor-widget elementor-widget-toggle\" data-id=\"5c45677\" data-element_type=\"widget\" data-widget_type=\"toggle.default\">\n\t\t\t\t\t\t\t<div class=\"elementor-toggle\">\n\t\t\t\t\t\t\t<div class=\"elementor-toggle-item\">\n\t\t\t\t\t<div id=\"elementor-tab-title-9671\" class=\"elementor-tab-title\" data-tab=\"1\" role=\"button\" aria-controls=\"elementor-tab-content-9671\" aria-expanded=\"false\">\n\t\t\t\t\t\t\t\t\t\t\t\t<span class=\"elementor-toggle-icon elementor-toggle-icon-left\" aria-hidden=\"true\">\n\t\t\t\t\t\t\t\t\t\t\t\t\t\t\t<span class=\"elementor-toggle-icon-closed\"><svg class=\"e-font-icon-svg e-fas-angle-double-down\" viewBox=\"0 0 320 512\" xmlns=\"http:\/\/www.w3.org\/2000\/svg\"><path d=\"M143 256.3L7 120.3c-9.4-9.4-9.4-24.6 0-33.9l22.6-22.6c9.4-9.4 24.6-9.4 33.9 0l96.4 96.4 96.4-96.4c9.4-9.4 24.6-9.4 33.9 0L313 86.3c9.4 9.4 9.4 24.6 0 33.9l-136 136c-9.4 9.5-24.6 9.5-34 .1zm34 192l136-136c9.4-9.4 9.4-24.6 0-33.9l-22.6-22.6c-9.4-9.4-24.6-9.4-33.9 0L160 352.1l-96.4-96.4c-9.4-9.4-24.6-9.4-33.9 0L7 278.3c-9.4 9.4-9.4 24.6 0 33.9l136 136c9.4 9.5 24.6 9.5 34 .1z\"><\/path><\/svg><\/span>\n\t\t\t\t\t\t\t\t<span class=\"elementor-toggle-icon-opened\"><svg class=\"elementor-toggle-icon-opened e-font-icon-svg e-fas-caret-up\" viewBox=\"0 0 320 512\" xmlns=\"http:\/\/www.w3.org\/2000\/svg\"><path d=\"M288.662 352H31.338c-17.818 0-26.741-21.543-14.142-34.142l128.662-128.662c7.81-7.81 20.474-7.81 28.284 0l128.662 128.662c12.6 12.599 3.676 34.142-14.142 34.142z\"><\/path><\/svg><\/span>\n\t\t\t\t\t\t\t\t\t\t\t\t\t<\/span>\n\t\t\t\t\t\t\t\t\t\t\t\t<a class=\"elementor-toggle-title\" tabindex=\"0\">Tehni\u010dki list <\/a>\n\t\t\t\t\t<\/div>\n\n\t\t\t\t\t<div id=\"elementor-tab-content-9671\" class=\"elementor-tab-content elementor-clearfix\" data-tab=\"1\" role=\"region\" aria-labelledby=\"elementor-tab-title-9671\"><p><a href=\"https:\/\/tapess.hr\/wp-content\/uploads\/2023\/02\/unger-ergotec-ninja-broschuere_9.pdf\" target=\"_blank\" rel=\"noopener\"><strong>PREUZMI<\/strong><\/a><\/p><\/div>\n\t\t\t\t<\/div>\n\t\t\t\t\t\t\t\t<\/div>\n\t\t\t\t\t\t<\/div>\n\t\t\t\t<div class=\"elementor-element elementor-element-15e0a13 elementor-widget elementor-widget-video\" data-id=\"15e0a13\" data-element_type=\"widget\" data-settings=\"{&quot;youtube_url&quot;:&quot;https:\\\/\\\/www.youtube.com\\\/watch?v=FrOi3uGSOMY&quot;,&quot;video_type&quot;:&quot;youtube&quot;,&quot;controls&quot;:&quot;yes&quot;}\" data-widget_type=\"video.default\">\n\t\t\t\t\t\t\t<div class=\"elementor-wrapper elementor-open-inline\">\n\t\t\t<div class=\"elementor-video\"><\/div>\t\t<\/div>\n\t\t\t\t\t\t<\/div>\n\t\t\t\t\t<\/div>\n\t\t<\/div>\n\t\t\t\t\t<\/div>\n\t\t<\/section>\n\t\t\t\t<\/div>\n\t\t","protected":false},"excerpt":{"rendered":"<p>ErgoTec Ninja ru\u010dka. Dizajnirana da savr\u0161eno pristaje ljudskoj ruci. Visokokvalitetna protuklizna guma za ve\u0107u udobnost i savr\u0161enu kontrolu. Teksturirano podru\u010dje palca za ve\u0107u kontrolu.<\/p>\n<ul>\n<li>Ergonomska okretna ru\u010dka sa zakretom od 180\u00b0<\/li>\n<li>TriLoc mehanizam za sigurno dr\u017eanje kanala<\/li>\n<li>Sigurno pristaje na stup s konusom za zaklju\u010davanje<\/li>\n<li>Birajte izme\u0111u verzija s kutom glave od 40\u00b0 i 30\u00b0<\/li>\n<\/ul>\n","protected":false},"featured_media":16367,"template":"","meta":[],"product_cat":[266],"product_tag":[],"yst_prominent_words":[],"class_list":["post-16703","product","type-product","status-publish","has-post-thumbnail","hentry","product_cat-cleaning-tools","pa_brand-unger-en"],"_links":{"self":[{"href":"https:\/\/tapess.hr\/en\/wp-json\/wp\/v2\/product\/16703"}],"collection":[{"href":"https:\/\/tapess.hr\/en\/wp-json\/wp\/v2\/product"}],"about":[{"href":"https:\/\/tapess.hr\/en\/wp-json\/wp\/v2\/types\/product"}],"version-history":[{"count":1,"href":"https:\/\/tapess.hr\/en\/wp-json\/wp\/v2\/product\/16703\/revisions"}],"predecessor-version":[{"id":16705,"href":"https:\/\/tapess.hr\/en\/wp-json\/wp\/v2\/product\/16703\/revisions\/16705"}],"wp:featuredmedia":[{"embeddable":true,"href":"https:\/\/tapess.hr\/en\/wp-json\/wp\/v2\/media\/16367"}],"wp:attachment":[{"href":"https:\/\/tapess.hr\/en\/wp-json\/wp\/v2\/media?parent=16703"}],"wp:term":[{"taxonomy":"product_cat","embeddable":true,"href":"https:\/\/tapess.hr\/en\/wp-json\/wp\/v2\/product_cat?post=16703"},{"taxonomy":"product_tag","embeddable":true,"href":"https:\/\/tapess.hr\/en\/wp-json\/wp\/v2\/product_tag?post=16703"},{"taxonomy":"yst_prominent_words","embeddable":true,"href":"https:\/\/tapess.hr\/en\/wp-json\/wp\/v2\/yst_prominent_words?post=16703"}],"curies":[{"name":"wp","href":"https:\/\/api.w.org\/{rel}","templated":true}]}}