{"id":7578,"date":"2020-05-05T06:19:19","date_gmt":"2020-05-05T04:19:19","guid":{"rendered":"https:\/\/tapess.hr\/product\/vectair-sensamist-mirisna-ulja-1000ml\/"},"modified":"2021-01-30T23:34:48","modified_gmt":"2021-01-30T22:34:48","slug":"vectair-sensamist-mirisna-ulja-1000ml","status":"publish","type":"product","link":"https:\/\/tapess.hr\/en\/proizvod\/vectair-sensamist-mirisna-ulja-1000ml\/","title":{"rendered":"Vectair SensaMist scented oils 1000ml"},"content":{"rendered":"\t\t<div data-elementor-type=\"product-post\" data-elementor-id=\"7578\" class=\"elementor elementor-7578 elementor-4371\" data-elementor-post-type=\"product\">\n\t\t\t\t\t\t<section class=\"elementor-section elementor-top-section elementor-element elementor-element-ed3c2dd elementor-section-stretched elementor-section-content-middle elementor-section-boxed elementor-section-height-default elementor-section-height-default\" data-id=\"ed3c2dd\" data-element_type=\"section\" data-settings=\"{&quot;stretch_section&quot;:&quot;section-stretched&quot;}\">\n\t\t\t\t\t\t<div class=\"elementor-container elementor-column-gap-narrow\">\n\t\t\t\t\t<div class=\"elementor-column elementor-col-16 elementor-top-column elementor-element elementor-element-c6289a8\" data-id=\"c6289a8\" data-element_type=\"column\">\n\t\t\t<div class=\"elementor-widget-wrap elementor-element-populated\">\n\t\t\t\t\t\t<div class=\"elementor-element elementor-element-6b623b0 elementor-align-center elementor-widget elementor-widget-bdt-dropbar\" data-id=\"6b623b0\" data-element_type=\"widget\" data-widget_type=\"bdt-dropbar.default\">\n\t\t\t\t<div class=\"elementor-widget-container\">\n\t\t\t\t\t\t\t<div class=\"bdt-dropbar-wrapper\">\n\t\t\t<a class=\"bdt-dropbar-button elementor-button elementor-size-md\" href=\"javascript:void(0)\" >\n\t\t\t\t\t\t<span class=\"elementor-button-content-wrapper\">\n\t\t\t<span >\n\n\t\t\t\t<span class=\"elementor-button-text\">Clean and Fresh 1000ml<\/span>\n\n\t\t\t\t\n\t\t\t<\/span>\n\t\t<\/span>\n\t\t\t\t\t<\/a>\n\t        <div id=\"bdt-drop-6b623b0\" class=\"bdt-drop\" bdt-drop=\"{&quot;pos&quot;:&quot;bottom-center&quot;,&quot;mode&quot;:&quot;hover&quot;,&quot;delay-show&quot;:0,&quot;delay-hide&quot;:800,&quot;flip&quot;:false,&quot;offset&quot;:10,&quot;animation&quot;:&quot;bdt-animation-scale-down&quot;,&quot;duration&quot;:800}\">\n\t            <div class=\"bdt-card bdt-card-body bdt-card-default bdt-text-left\">\n\t                <p style=\"text-align: center\">Citrus, Bergamot, Cvjetni,\u00a0 Cvijet naran\u010de, Amber, Mo\u0161us<\/p>\n\n\t            <\/div>\n\t        <\/div>\n        <\/div>\n\t    \t\t\t\t<\/div>\n\t\t\t\t<\/div>\n\t\t\t\t\t<\/div>\n\t\t<\/div>\n\t\t\t\t<div class=\"elementor-column elementor-col-16 elementor-top-column elementor-element elementor-element-2a5ee40\" data-id=\"2a5ee40\" data-element_type=\"column\">\n\t\t\t<div class=\"elementor-widget-wrap elementor-element-populated\">\n\t\t\t\t\t\t<div class=\"elementor-element elementor-element-8ff6531 elementor-align-center elementor-widget elementor-widget-bdt-dropbar\" data-id=\"8ff6531\" data-element_type=\"widget\" data-widget_type=\"bdt-dropbar.default\">\n\t\t\t\t<div class=\"elementor-widget-container\">\n\t\t\t\t\t\t\t<div class=\"bdt-dropbar-wrapper\">\n\t\t\t<a class=\"bdt-dropbar-button elementor-button elementor-size-md\" href=\"javascript:void(0)\" >\n\t\t\t\t\t\t<span class=\"elementor-button-content-wrapper\">\n\t\t\t<span >\n\n\t\t\t\t<span class=\"elementor-button-text\">Cotton Breeze 1000ml<\/span>\n\n\t\t\t\t\n\t\t\t<\/span>\n\t\t<\/span>\n\t\t\t\t\t<\/a>\n\t        <div id=\"bdt-drop-8ff6531\" class=\"bdt-drop\" bdt-drop=\"{&quot;pos&quot;:&quot;bottom-center&quot;,&quot;mode&quot;:&quot;hover&quot;,&quot;delay-show&quot;:0,&quot;delay-hide&quot;:800,&quot;flip&quot;:false,&quot;offset&quot;:10,&quot;animation&quot;:&quot;bdt-animation-scale-down&quot;,&quot;duration&quot;:800}\">\n\t            <div class=\"bdt-card bdt-card-body bdt-card-default bdt-text-left\">\n\t                <p style=\"text-align: center\">Cvjetni, jasmin, ru\u017ea, cvijet naran\u010de, mo\u0161us<\/p>\n\n\t            <\/div>\n\t        <\/div>\n        <\/div>\n\t    \t\t\t\t<\/div>\n\t\t\t\t<\/div>\n\t\t\t\t\t<\/div>\n\t\t<\/div>\n\t\t\t\t<div class=\"elementor-column elementor-col-16 elementor-top-column elementor-element elementor-element-1b2a71e\" data-id=\"1b2a71e\" data-element_type=\"column\">\n\t\t\t<div class=\"elementor-widget-wrap elementor-element-populated\">\n\t\t\t\t\t\t<div class=\"elementor-element elementor-element-73dd0ab elementor-align-justify elementor-widget elementor-widget-bdt-dropbar\" data-id=\"73dd0ab\" data-element_type=\"widget\" data-widget_type=\"bdt-dropbar.default\">\n\t\t\t\t<div class=\"elementor-widget-container\">\n\t\t\t\t\t\t\t<div class=\"bdt-dropbar-wrapper\">\n\t\t\t<a class=\"bdt-dropbar-button elementor-button elementor-size-md\" href=\"javascript:void(0)\" >\n\t\t\t\t\t\t<span class=\"elementor-button-content-wrapper\">\n\t\t\t<span >\n\n\t\t\t\t<span class=\"elementor-button-text\">Linen 1000ml<\/span>\n\n\t\t\t\t\n\t\t\t<\/span>\n\t\t<\/span>\n\t\t\t\t\t<\/a>\n\t        <div id=\"bdt-drop-73dd0ab\" class=\"bdt-drop\" bdt-drop=\"{&quot;pos&quot;:&quot;bottom-center&quot;,&quot;mode&quot;:&quot;hover&quot;,&quot;delay-show&quot;:0,&quot;delay-hide&quot;:800,&quot;flip&quot;:false,&quot;offset&quot;:10,&quot;animation&quot;:&quot;bdt-animation-scale-down&quot;,&quot;duration&quot;:800}\">\n\t            <div class=\"bdt-card bdt-card-body bdt-card-default bdt-text-left\">\n\t                <p style=\"text-align: center\">Cvjetni, cvijet naran\u010de, jasmin, aldehid<\/p>\n\n\t            <\/div>\n\t        <\/div>\n        <\/div>\n\t    \t\t\t\t<\/div>\n\t\t\t\t<\/div>\n\t\t\t\t\t<\/div>\n\t\t<\/div>\n\t\t\t\t<div class=\"elementor-column elementor-col-16 elementor-top-column elementor-element elementor-element-48de28f\" data-id=\"48de28f\" data-element_type=\"column\">\n\t\t\t<div class=\"elementor-widget-wrap elementor-element-populated\">\n\t\t\t\t\t\t<div class=\"elementor-element elementor-element-32d0647 elementor-align-center elementor-widget elementor-widget-bdt-dropbar\" data-id=\"32d0647\" data-element_type=\"widget\" data-widget_type=\"bdt-dropbar.default\">\n\t\t\t\t<div class=\"elementor-widget-container\">\n\t\t\t\t\t\t\t<div class=\"bdt-dropbar-wrapper\">\n\t\t\t<a class=\"bdt-dropbar-button elementor-button elementor-size-md\" href=\"javascript:void(0)\" >\n\t\t\t\t\t\t<span class=\"elementor-button-content-wrapper\">\n\t\t\t<span >\n\n\t\t\t\t<span class=\"elementor-button-text\">Sophistication 1000ml<\/span>\n\n\t\t\t\t\n\t\t\t<\/span>\n\t\t<\/span>\n\t\t\t\t\t<\/a>\n\t        <div id=\"bdt-drop-32d0647\" class=\"bdt-drop\" bdt-drop=\"{&quot;pos&quot;:&quot;bottom-center&quot;,&quot;mode&quot;:&quot;hover&quot;,&quot;delay-show&quot;:0,&quot;delay-hide&quot;:800,&quot;flip&quot;:false,&quot;offset&quot;:10,&quot;animation&quot;:&quot;bdt-animation-scale-down&quot;,&quot;duration&quot;:800}\">\n\t            <div class=\"bdt-card bdt-card-body bdt-card-default bdt-text-left\">\n\t                <p style=\"text-align: center\">Grejp, naran\u010da, jasmin, jantar, drveni, pa\u010duli<\/p>\n\n\t            <\/div>\n\t        <\/div>\n        <\/div>\n\t    \t\t\t\t<\/div>\n\t\t\t\t<\/div>\n\t\t\t\t\t<\/div>\n\t\t<\/div>\n\t\t\t\t<div class=\"elementor-column elementor-col-16 elementor-top-column elementor-element elementor-element-62d4546\" data-id=\"62d4546\" data-element_type=\"column\">\n\t\t\t<div class=\"elementor-widget-wrap elementor-element-populated\">\n\t\t\t\t\t\t<div class=\"elementor-element elementor-element-b3786df elementor-align-center elementor-widget elementor-widget-bdt-dropbar\" data-id=\"b3786df\" data-element_type=\"widget\" data-widget_type=\"bdt-dropbar.default\">\n\t\t\t\t<div class=\"elementor-widget-container\">\n\t\t\t\t\t\t\t<div class=\"bdt-dropbar-wrapper\">\n\t\t\t<a class=\"bdt-dropbar-button elementor-button elementor-size-md\" href=\"javascript:void(0)\" >\n\t\t\t\t\t\t<span class=\"elementor-button-content-wrapper\">\n\t\t\t<span >\n\n\t\t\t\t<span class=\"elementor-button-text\">Testy Citrus 1000ml<\/span>\n\n\t\t\t\t\n\t\t\t<\/span>\n\t\t<\/span>\n\t\t\t\t\t<\/a>\n\t        <div id=\"bdt-drop-b3786df\" class=\"bdt-drop\" bdt-drop=\"{&quot;pos&quot;:&quot;bottom-center&quot;,&quot;mode&quot;:&quot;hover&quot;,&quot;delay-show&quot;:0,&quot;delay-hide&quot;:800,&quot;flip&quot;:false,&quot;offset&quot;:10,&quot;animation&quot;:&quot;bdt-animation-scale-down&quot;,&quot;duration&quot;:800}\">\n\t            <div class=\"bdt-card bdt-card-body bdt-card-default bdt-text-left\">\n\t                <p style=\"text-align: center\">Agrumi, grejp, naran\u010da, limun, lipa, vo\u0107ni<\/p>\n\n\t            <\/div>\n\t        <\/div>\n        <\/div>\n\t    \t\t\t\t<\/div>\n\t\t\t\t<\/div>\n\t\t\t\t\t<\/div>\n\t\t<\/div>\n\t\t\t\t<div class=\"elementor-column elementor-col-16 elementor-top-column elementor-element elementor-element-a2d5811\" data-id=\"a2d5811\" data-element_type=\"column\">\n\t\t\t<div class=\"elementor-widget-wrap elementor-element-populated\">\n\t\t\t\t\t\t<div class=\"elementor-element elementor-element-57a35e3 elementor-align-center elementor-widget elementor-widget-bdt-dropbar\" data-id=\"57a35e3\" data-element_type=\"widget\" data-widget_type=\"bdt-dropbar.default\">\n\t\t\t\t<div class=\"elementor-widget-container\">\n\t\t\t\t\t\t\t<div class=\"bdt-dropbar-wrapper\">\n\t\t\t<a class=\"bdt-dropbar-button elementor-button elementor-size-md\" href=\"javascript:void(0)\" >\n\t\t\t\t\t\t<span class=\"elementor-button-content-wrapper\">\n\t\t\t<span >\n\n\t\t\t\t<span class=\"elementor-button-text\">\tZen Garden 1000ml<\/span>\n\n\t\t\t\t\n\t\t\t<\/span>\n\t\t<\/span>\n\t\t\t\t\t<\/a>\n\t        <div id=\"bdt-drop-57a35e3\" class=\"bdt-drop\" bdt-drop=\"{&quot;pos&quot;:&quot;bottom-center&quot;,&quot;mode&quot;:&quot;hover&quot;,&quot;delay-show&quot;:0,&quot;delay-hide&quot;:800,&quot;flip&quot;:false,&quot;offset&quot;:10,&quot;animation&quot;:&quot;bdt-animation-scale-down&quot;,&quot;duration&quot;:800}\">\n\t            <div class=\"bdt-card bdt-card-body bdt-card-default bdt-text-left\">\n\t                <p style=\"text-align: center\">Ru\u017ea, Jasmin, Muguet, Jabuka, Dinja, Mandarina<\/p>\n\n\t            <\/div>\n\t        <\/div>\n        <\/div>\n\t    \t\t\t\t<\/div>\n\t\t\t\t<\/div>\n\t\t\t\t\t<\/div>\n\t\t<\/div>\n\t\t\t\t\t<\/div>\n\t\t<\/section>\n\t\t\t\t<section class=\"elementor-section elementor-top-section elementor-element elementor-element-a99fcf4 elementor-section-boxed elementor-section-height-default elementor-section-height-default\" data-id=\"a99fcf4\" data-element_type=\"section\">\n\t\t\t\t\t\t<div class=\"elementor-container elementor-column-gap-default\">\n\t\t\t\t\t<div class=\"elementor-column elementor-col-100 elementor-top-column elementor-element elementor-element-d5772cd\" data-id=\"d5772cd\" data-element_type=\"column\">\n\t\t\t<div class=\"elementor-widget-wrap elementor-element-populated\">\n\t\t\t\t\t\t<div class=\"elementor-element elementor-element-f698029 elementor-widget elementor-widget-spacer\" data-id=\"f698029\" data-element_type=\"widget\" data-widget_type=\"spacer.default\">\n\t\t\t\t\t\t\t<div class=\"elementor-spacer\">\n\t\t\t<div class=\"elementor-spacer-inner\"><\/div>\n\t\t<\/div>\n\t\t\t\t\t\t<\/div>\n\t\t\t\t\t<\/div>\n\t\t<\/div>\n\t\t\t\t\t<\/div>\n\t\t<\/section>\n\t\t\t\t<section class=\"elementor-section elementor-top-section elementor-element elementor-element-24658285 elementor-section-stretched elementor-section-full_width elementor-section-height-default elementor-section-height-default\" data-id=\"24658285\" data-element_type=\"section\" data-settings=\"{&quot;stretch_section&quot;:&quot;section-stretched&quot;}\">\n\t\t\t\t\t\t<div class=\"elementor-container elementor-column-gap-default\">\n\t\t\t\t\t<div class=\"elementor-column elementor-col-50 elementor-top-column elementor-element elementor-element-2424c395\" data-id=\"2424c395\" data-element_type=\"column\">\n\t\t\t<div class=\"elementor-widget-wrap elementor-element-populated\">\n\t\t\t\t\t\t<div class=\"elementor-element elementor-element-59aea3d elementor-widget elementor-widget-image\" data-id=\"59aea3d\" data-element_type=\"widget\" data-widget_type=\"image.default\">\n\t\t\t\t\t\t\t\t\t\t\t\t\t\t\t<img fetchpriority=\"high\" decoding=\"async\" width=\"301\" height=\"167\" src=\"https:\/\/tapess.hr\/wp-content\/uploads\/2020\/04\/vectair-logo.jpg\" class=\"attachment-large size-large wp-image-2089\" alt=\"\" srcset=\"https:\/\/tapess.hr\/wp-content\/uploads\/2020\/04\/vectair-logo.jpg 301w, https:\/\/tapess.hr\/wp-content\/uploads\/2020\/04\/vectair-logo-150x83.jpg 150w\" sizes=\"(max-width: 360px) 147px, (max-width: 301px) 100vw, 301px\" \/>\t\t\t\t\t\t\t\t\t\t\t\t\t\t\t<\/div>\n\t\t\t\t<div class=\"elementor-element elementor-element-2d88dcd4 elementor-widget elementor-widget-text-editor\" data-id=\"2d88dcd4\" data-element_type=\"widget\" data-widget_type=\"text-editor.default\">\n\t\t\t\t\t\t\t\t\t<p style = \"text-align: center;\"> <strong> <span style = \"color: # 000000;\"> Vectair Systems is a leading technology innovator and manufacturer of air treatment and hygiene products in many sectors around the world. We have been producing hygienic solutions, air fresheners, etc. for more than 30 years <\/span> <\/strong> <\/p>\n\t\t\t\t\t\t\t\t<\/div>\n\t\t\t\t\t<\/div>\n\t\t<\/div>\n\t\t\t\t<div class=\"elementor-column elementor-col-50 elementor-top-column elementor-element elementor-element-7643e7a\" data-id=\"7643e7a\" data-element_type=\"column\">\n\t\t\t<div class=\"elementor-widget-wrap elementor-element-populated\">\n\t\t\t\t\t\t<div class=\"elementor-element elementor-element-6a6a66b elementor-widget elementor-widget-video\" data-id=\"6a6a66b\" data-element_type=\"widget\" data-settings=\"{&quot;youtube_url&quot;:&quot;https:\\\/\\\/youtu.be\\\/OQaRavLiY44&quot;,&quot;video_type&quot;:&quot;youtube&quot;,&quot;controls&quot;:&quot;yes&quot;}\" data-widget_type=\"video.default\">\n\t\t\t\t\t\t\t<div class=\"elementor-wrapper elementor-open-inline\">\n\t\t\t<div class=\"elementor-video\"><\/div>\t\t<\/div>\n\t\t\t\t\t\t<\/div>\n\t\t\t\t\t<\/div>\n\t\t<\/div>\n\t\t\t\t\t<\/div>\n\t\t<\/section>\n\t\t\t\t<\/div>\n\t\t","protected":false},"excerpt":{"rendered":"<ul>\n<li> With the SensaMist\u00ae brand, you&#8217;ll find fragrances for all your needs, with a range to suit any environment or application. <\/li>\n<li> Odors are available for all types of areas and spread like fine mist using advanced spray technology. <\/li>\n<li> The fragrances contain Airadicate\u00ae anti-odor agent and odor neutralizer to help stop unpleasant odors. <\/li>\n<li> SensaMist oils are suitable for all SensaMist dosing devices. <\/li>\n<li> 1000ml <\/li>\n<\/ul>\n","protected":false},"featured_media":7579,"template":"","meta":[],"product_cat":[291,290],"product_tag":[],"yst_prominent_words":[],"class_list":["post-7578","product","type-product","status-publish","has-post-thumbnail","hentry","product_cat-automatic-fresheners","product_cat-space-fresheners","pa_brand-vectair-en","pa_odaberite-miris-clean-and-fresh-1000ml-en","pa_odaberite-miris-cotton-breeze-1000ml-en","pa_odaberite-miris-linen-1000ml-en","pa_odaberite-miris-sophistication-1000ml-en","pa_odaberite-miris-testy-citrus-1000ml-en","pa_odaberite-miris-zen-garden-1000ml-en"],"_links":{"self":[{"href":"https:\/\/tapess.hr\/en\/wp-json\/wp\/v2\/product\/7578"}],"collection":[{"href":"https:\/\/tapess.hr\/en\/wp-json\/wp\/v2\/product"}],"about":[{"href":"https:\/\/tapess.hr\/en\/wp-json\/wp\/v2\/types\/product"}],"version-history":[{"count":0,"href":"https:\/\/tapess.hr\/en\/wp-json\/wp\/v2\/product\/7578\/revisions"}],"wp:featuredmedia":[{"embeddable":true,"href":"https:\/\/tapess.hr\/en\/wp-json\/wp\/v2\/media\/7579"}],"wp:attachment":[{"href":"https:\/\/tapess.hr\/en\/wp-json\/wp\/v2\/media?parent=7578"}],"wp:term":[{"taxonomy":"product_cat","embeddable":true,"href":"https:\/\/tapess.hr\/en\/wp-json\/wp\/v2\/product_cat?post=7578"},{"taxonomy":"product_tag","embeddable":true,"href":"https:\/\/tapess.hr\/en\/wp-json\/wp\/v2\/product_tag?post=7578"},{"taxonomy":"yst_prominent_words","embeddable":true,"href":"https:\/\/tapess.hr\/en\/wp-json\/wp\/v2\/yst_prominent_words?post=7578"}],"curies":[{"name":"wp","href":"https:\/\/api.w.org\/{rel}","templated":true}]}}