{"id":7591,"date":"2020-05-05T06:05:15","date_gmt":"2020-05-05T04:05:15","guid":{"rendered":"https:\/\/tapess.hr\/product\/vectair-sensamist-s3000\/"},"modified":"2021-01-30T23:35:16","modified_gmt":"2021-01-30T22:35:16","slug":"vectair-sensamist-s3000","status":"publish","type":"product","link":"https:\/\/tapess.hr\/en\/proizvod\/vectair-sensamist-s3000\/","title":{"rendered":"Vectair SensaMist S3000"},"content":{"rendered":"\t\t<div data-elementor-type=\"product-post\" data-elementor-id=\"7591\" class=\"elementor elementor-7591 elementor-4361\" data-elementor-post-type=\"product\">\n\t\t\t\t\t\t<section class=\"elementor-section elementor-top-section elementor-element elementor-element-e897daf elementor-section-stretched elementor-section-full_width elementor-section-height-default elementor-section-height-default\" data-id=\"e897daf\" data-element_type=\"section\" data-settings=\"{&quot;stretch_section&quot;:&quot;section-stretched&quot;}\">\n\t\t\t\t\t\t<div class=\"elementor-container elementor-column-gap-default\">\n\t\t\t\t\t<div class=\"elementor-column elementor-col-100 elementor-top-column elementor-element elementor-element-d16a136\" data-id=\"d16a136\" data-element_type=\"column\">\n\t\t\t<div class=\"elementor-widget-wrap elementor-element-populated\">\n\t\t\t\t\t\t<div class=\"elementor-element elementor-element-3f07070 elementor-align-justify elementor-widget__width-inherit elementor-widget elementor-widget-button\" data-id=\"3f07070\" data-element_type=\"widget\" data-widget_type=\"button.default\">\n\t\t\t\t\t\t\t\t\t\t<a class=\"elementor-button elementor-button-link elementor-size-sm\" href=\"https:\/\/tapess.hr\/product\/vectair-sensamist-mirisna-ulja-1000ml\/\">\n\t\t\t\t\t\t<span class=\"elementor-button-content-wrapper\">\n\t\t\t\t\t\t<span class=\"elementor-button-icon\">\n\t\t\t\t<svg aria-hidden=\"true\" class=\"e-font-icon-svg e-fas-arrow-alt-circle-right\" viewBox=\"0 0 512 512\" xmlns=\"http:\/\/www.w3.org\/2000\/svg\"><path d=\"M256 8c137 0 248 111 248 248S393 504 256 504 8 393 8 256 119 8 256 8zM140 300h116v70.9c0 10.7 13 16.1 20.5 8.5l114.3-114.9c4.7-4.7 4.7-12.2 0-16.9l-114.3-115c-7.6-7.6-20.5-2.2-20.5 8.5V212H140c-6.6 0-12 5.4-12 12v64c0 6.6 5.4 12 12 12z\"><\/path><\/svg>\t\t\t<\/span>\n\t\t\t\t\t\t\t\t\t<span class=\"elementor-button-text\">Choose a refill<\/span>\n\t\t\t\t\t<\/span>\n\t\t\t\t\t<\/a>\n\t\t\t\t\t\t\t\t<\/div>\n\t\t\t\t\t<\/div>\n\t\t<\/div>\n\t\t\t\t\t<\/div>\n\t\t<\/section>\n\t\t\t\t<section class=\"elementor-section elementor-top-section elementor-element elementor-element-24658285 elementor-section-stretched elementor-section-full_width elementor-section-height-default elementor-section-height-default\" data-id=\"24658285\" data-element_type=\"section\" data-settings=\"{&quot;stretch_section&quot;:&quot;section-stretched&quot;}\">\n\t\t\t\t\t\t<div class=\"elementor-container elementor-column-gap-default\">\n\t\t\t\t\t<div class=\"elementor-column elementor-col-50 elementor-top-column elementor-element elementor-element-2424c395\" data-id=\"2424c395\" data-element_type=\"column\">\n\t\t\t<div class=\"elementor-widget-wrap elementor-element-populated\">\n\t\t\t\t\t\t<div class=\"elementor-element elementor-element-59aea3d elementor-widget elementor-widget-image\" data-id=\"59aea3d\" data-element_type=\"widget\" data-widget_type=\"image.default\">\n\t\t\t\t\t\t\t\t\t\t\t\t\t\t\t<img fetchpriority=\"high\" decoding=\"async\" width=\"301\" height=\"167\" src=\"https:\/\/tapess.hr\/wp-content\/uploads\/2020\/04\/vectair-logo.jpg\" class=\"attachment-large size-large wp-image-2089\" alt=\"\" srcset=\"https:\/\/tapess.hr\/wp-content\/uploads\/2020\/04\/vectair-logo.jpg 301w, https:\/\/tapess.hr\/wp-content\/uploads\/2020\/04\/vectair-logo-150x83.jpg 150w\" sizes=\"(max-width: 360px) 147px, (max-width: 301px) 100vw, 301px\" \/>\t\t\t\t\t\t\t\t\t\t\t\t\t\t\t<\/div>\n\t\t\t\t<div class=\"elementor-element elementor-element-2d88dcd4 elementor-widget elementor-widget-text-editor\" data-id=\"2d88dcd4\" data-element_type=\"widget\" data-widget_type=\"text-editor.default\">\n\t\t\t\t\t\t\t\t\t<p style=\"text-align: center;\"><strong><span style=\"color: #000000;\">Vectair Systems vode\u0107i je tehnolo\u0161ki inovator i proizvo\u0111a\u010d proizvoda za tretiranje zraka i higijene u mnogim sektorima \u0161irom svijeta. Vi\u0161e od 30 godina proizvodimo higijenska rije\u0161enja, osvje\u017eiva\u010de prostora itd.<\/span><\/strong><\/p>\n\t\t\t\t\t\t\t\t<\/div>\n\t\t\t\t\t<\/div>\n\t\t<\/div>\n\t\t\t\t<div class=\"elementor-column elementor-col-50 elementor-top-column elementor-element elementor-element-7643e7a\" data-id=\"7643e7a\" data-element_type=\"column\">\n\t\t\t<div class=\"elementor-widget-wrap elementor-element-populated\">\n\t\t\t\t\t\t<div class=\"elementor-element elementor-element-6a6a66b elementor-widget elementor-widget-video\" data-id=\"6a6a66b\" data-element_type=\"widget\" data-settings=\"{&quot;youtube_url&quot;:&quot;https:\\\/\\\/youtu.be\\\/OQaRavLiY44&quot;,&quot;video_type&quot;:&quot;youtube&quot;,&quot;controls&quot;:&quot;yes&quot;}\" data-widget_type=\"video.default\">\n\t\t\t\t\t\t\t<div class=\"elementor-wrapper elementor-open-inline\">\n\t\t\t<div class=\"elementor-video\"><\/div>\t\t<\/div>\n\t\t\t\t\t\t<\/div>\n\t\t\t\t\t<\/div>\n\t\t<\/div>\n\t\t\t\t\t<\/div>\n\t\t<\/section>\n\t\t\t\t<\/div>\n\t\t","protected":false},"excerpt":{"rendered":"<ul>\n<li> The magic of fragrance <span style = \"font-size: 16px; font-style: normal; font-weight: 400;\"> with the Sensamist line is very simple. <\/span> <\/li>\n<li> The SensaMist\u00ae S3000 fragrance dispenser creates a fragrant atmosphere for very large spaces. <\/li>\n<li> The SensaMist\u00ae diffuser uses advanced nebulizer technology to create a fine odor mist that disperses into the space. <\/li>\n<li> Ideal solution for hotels, casinos, gyms, homes, retail and catering establishments, etc. <\/li>\n<li> Using unique fragrance oils, each fragrance can be programmed to last as desired by the location. <\/li>\n<li> Power connection required <\/li>\n<li> Extremely long-lasting and long-lasting scent <\/li>\n<li> Remote control <\/li>\n<li> Quiet operation <\/li>\n<\/ul>\n","protected":false},"featured_media":7592,"template":"","meta":[],"product_cat":[291,290],"product_tag":[],"yst_prominent_words":[],"class_list":["post-7591","product","type-product","status-publish","has-post-thumbnail","hentry","product_cat-automatic-fresheners","product_cat-space-fresheners","pa_brand-vectair-en"],"_links":{"self":[{"href":"https:\/\/tapess.hr\/en\/wp-json\/wp\/v2\/product\/7591"}],"collection":[{"href":"https:\/\/tapess.hr\/en\/wp-json\/wp\/v2\/product"}],"about":[{"href":"https:\/\/tapess.hr\/en\/wp-json\/wp\/v2\/types\/product"}],"version-history":[{"count":0,"href":"https:\/\/tapess.hr\/en\/wp-json\/wp\/v2\/product\/7591\/revisions"}],"wp:featuredmedia":[{"embeddable":true,"href":"https:\/\/tapess.hr\/en\/wp-json\/wp\/v2\/media\/7592"}],"wp:attachment":[{"href":"https:\/\/tapess.hr\/en\/wp-json\/wp\/v2\/media?parent=7591"}],"wp:term":[{"taxonomy":"product_cat","embeddable":true,"href":"https:\/\/tapess.hr\/en\/wp-json\/wp\/v2\/product_cat?post=7591"},{"taxonomy":"product_tag","embeddable":true,"href":"https:\/\/tapess.hr\/en\/wp-json\/wp\/v2\/product_tag?post=7591"},{"taxonomy":"yst_prominent_words","embeddable":true,"href":"https:\/\/tapess.hr\/en\/wp-json\/wp\/v2\/yst_prominent_words?post=7591"}],"curies":[{"name":"wp","href":"https:\/\/api.w.org\/{rel}","templated":true}]}}