{"id":8147,"date":"2020-04-29T17:07:57","date_gmt":"2020-04-29T15:07:57","guid":{"rendered":"https:\/\/tapess.hr\/product\/fimap-nano\/"},"modified":"2021-01-31T01:53:44","modified_gmt":"2021-01-31T00:53:44","slug":"fimap-nano","status":"publish","type":"product","link":"https:\/\/tapess.hr\/en\/proizvod\/fimap-nano\/","title":{"rendered":"Fimap NANO"},"content":{"rendered":"\t\t<div data-elementor-type=\"product-post\" data-elementor-id=\"8147\" class=\"elementor elementor-8147 elementor-3343\" data-elementor-post-type=\"product\">\n\t\t\t\t\t\t<section class=\"elementor-section elementor-top-section elementor-element elementor-element-24658285 elementor-section-stretched elementor-section-full_width elementor-section-height-default elementor-section-height-default\" data-id=\"24658285\" data-element_type=\"section\" data-settings=\"{&quot;stretch_section&quot;:&quot;section-stretched&quot;}\">\n\t\t\t\t\t\t<div class=\"elementor-container elementor-column-gap-default\">\n\t\t\t\t\t<div class=\"elementor-column elementor-col-50 elementor-top-column elementor-element elementor-element-2424c395\" data-id=\"2424c395\" data-element_type=\"column\">\n\t\t\t<div class=\"elementor-widget-wrap elementor-element-populated\">\n\t\t\t\t\t\t<div class=\"elementor-element elementor-element-e1edebe elementor-drop-cap-yes elementor-drop-cap-view-default elementor-widget elementor-widget-text-editor\" data-id=\"e1edebe\" data-element_type=\"widget\" data-settings=\"{&quot;drop_cap&quot;:&quot;yes&quot;}\" data-widget_type=\"text-editor.default\">\n\t\t\t\t\t\t\t\t\t<table width=\"401\">\n<tbody>\n<tr>\n<td width=\"231\">\n<p><strong> TECHNICAL CHARACTERISTICS <\/strong><\/p>\n<\/td>\n<td width=\"171\">\n<p><strong>NANO<\/strong><\/p>\n<\/td>\n<\/tr>\n<tr>\n<td width=\"231\">\n<p><strong> Voltage <\/strong><\/p>\n<\/td>\n<td width=\"171\">\n<p>230 V<\/p>\n<\/td>\n<\/tr>\n<tr>\n<td width=\"231\">\n<p><strong>Power<\/strong><\/p>\n<\/td>\n<td width=\"171\">\n<p>700 W<\/p>\n<\/td>\n<\/tr>\n<tr>\n<td width=\"231\">\n<p><strong>Vacuum<\/strong><\/p>\n<\/td>\n<td width=\"171\">\n<p>18 kPa<\/p>\n<\/td>\n<\/tr>\n<tr>\n<td width=\"231\">\n<p><strong> Air flow <\/strong><\/p>\n<\/td>\n<td width=\"171\">\n<p>96 m\u00b3\/h<\/p>\n<\/td>\n<\/tr>\n<tr>\n<td width=\"231\">\n<p><strong> Tank capacity <\/strong><\/p>\n<\/td>\n<td width=\"171\">\n<p>10 lit<\/p>\n<\/td>\n<\/tr>\n<tr>\n<td width=\"231\">\n<p><strong> Cable length <\/strong><\/p>\n<\/td>\n<td width=\"171\">\n<p>10 m<\/p>\n<\/td>\n<\/tr>\n<tr>\n<td width=\"231\">\n<p><strong> Weight <\/strong><\/p>\n<\/td>\n<td width=\"171\">\n<p>6,3 kg<\/p>\n<\/td>\n<\/tr>\n<tr>\n<td width=\"231\">\n<p><strong>Dimensions<\/strong><\/p>\n<\/td>\n<td width=\"171\">\n<p>335 X 390 X 305 lwh<\/p>\n<\/td>\n<\/tr>\n<tr>\n<td width=\"231\">\n<p><strong> Cable holder <\/strong><\/p>\n<\/td>\n<td width=\"171\">\n<p>YES<\/p>\n<\/td>\n<\/tr>\n<tr>\n<td width=\"231\">\n<p><strong>4 stable wheels <\/strong><\/p>\n<\/td>\n<td width=\"171\">\n<p>YES<\/p>\n<\/td>\n<\/tr>\n<tr>\n<td width=\"231\">\n<p><strong> Suction foot holder <\/strong><\/p>\n<\/td>\n<td width=\"171\">\n<p>YES<\/p>\n<\/td>\n<\/tr>\n<\/tbody>\n<\/table>\n\t\t\t\t\t\t\t\t<\/div>\n\t\t\t\t\t<\/div>\n\t\t<\/div>\n\t\t\t\t<div class=\"elementor-column elementor-col-50 elementor-top-column elementor-element elementor-element-7643e7a\" data-id=\"7643e7a\" data-element_type=\"column\">\n\t\t\t<div class=\"elementor-widget-wrap elementor-element-populated\">\n\t\t\t\t\t\t<div class=\"elementor-element elementor-element-591fbe2e elementor-widget elementor-widget-image\" data-id=\"591fbe2e\" data-element_type=\"widget\" data-widget_type=\"image.default\">\n\t\t\t\t\t\t\t\t\t\t\t\t\t\t\t<img fetchpriority=\"high\" decoding=\"async\" width=\"2400\" height=\"450\" src=\"https:\/\/tapess.hr\/wp-content\/uploads\/2020\/04\/FIMAP.png\" class=\"attachment-full size-full wp-image-2336\" alt=\"\" srcset=\"https:\/\/tapess.hr\/wp-content\/uploads\/2020\/04\/FIMAP.png 2400w, https:\/\/tapess.hr\/wp-content\/uploads\/2020\/04\/FIMAP-300x56.png 300w, https:\/\/tapess.hr\/wp-content\/uploads\/2020\/04\/FIMAP-150x28.png 150w, https:\/\/tapess.hr\/wp-content\/uploads\/2020\/04\/FIMAP-600x113.png 600w\" sizes=\"(max-width: 360px) 147px, (max-width: 2400px) 100vw, 2400px\" \/>\t\t\t\t\t\t\t\t\t\t\t\t\t\t\t<\/div>\n\t\t\t\t<div class=\"elementor-element elementor-element-227883a elementor-drop-cap-yes elementor-drop-cap-view-default elementor-widget elementor-widget-text-editor\" data-id=\"227883a\" data-element_type=\"widget\" data-settings=\"{&quot;drop_cap&quot;:&quot;yes&quot;}\" data-widget_type=\"text-editor.default\">\n\t\t\t\t\t\t\t\t\t<p><span style=\"color: #000000;\">Fimap u svojoj ponudi ima vi\u0161e modela strojeva za profesionalno \u010di\u0161\u0107enje: automati za \u010di\u0161\u0107enje podova, pometa\u010dice, usisava\u010di i \u0161amponirke. Strojevi su opremljeni inovativnim tehnolo\u0161kim rje\u0161enjima kako bi omogu\u0107ili visoki standard \u010di\u0161\u0107enja po\u0161tivaju\u0107i ekolo\u0161ke standarde.<\/span><\/p>\n\t\t\t\t\t\t\t\t<\/div>\n\t\t\t\t\t<\/div>\n\t\t<\/div>\n\t\t\t\t\t<\/div>\n\t\t<\/section>\n\t\t\t\t<section class=\"elementor-section elementor-top-section elementor-element elementor-element-2749ab0 elementor-section-stretched elementor-section-full_width elementor-section-height-default elementor-section-height-default\" data-id=\"2749ab0\" data-element_type=\"section\" data-settings=\"{&quot;stretch_section&quot;:&quot;section-stretched&quot;}\">\n\t\t\t\t\t\t<div class=\"elementor-container elementor-column-gap-default\">\n\t\t\t\t\t<div class=\"elementor-column elementor-col-50 elementor-top-column elementor-element elementor-element-d881b09\" data-id=\"d881b09\" data-element_type=\"column\">\n\t\t\t<div class=\"elementor-widget-wrap elementor-element-populated\">\n\t\t\t\t\t\t<div class=\"elementor-element elementor-element-07b8898 elementor-widget elementor-widget-toggle\" data-id=\"07b8898\" data-element_type=\"widget\" data-widget_type=\"toggle.default\">\n\t\t\t\t\t\t\t<div class=\"elementor-toggle\">\n\t\t\t\t\t\t\t<div class=\"elementor-toggle-item\">\n\t\t\t\t\t<div id=\"elementor-tab-title-8091\" class=\"elementor-tab-title\" data-tab=\"1\" role=\"button\" aria-controls=\"elementor-tab-content-8091\" aria-expanded=\"false\">\n\t\t\t\t\t\t\t\t\t\t\t\t<span class=\"elementor-toggle-icon elementor-toggle-icon-left\" aria-hidden=\"true\">\n\t\t\t\t\t\t\t\t\t\t\t\t\t\t\t<span class=\"elementor-toggle-icon-closed\"><svg class=\"e-font-icon-svg e-fas-angle-double-down\" viewBox=\"0 0 320 512\" xmlns=\"http:\/\/www.w3.org\/2000\/svg\"><path d=\"M143 256.3L7 120.3c-9.4-9.4-9.4-24.6 0-33.9l22.6-22.6c9.4-9.4 24.6-9.4 33.9 0l96.4 96.4 96.4-96.4c9.4-9.4 24.6-9.4 33.9 0L313 86.3c9.4 9.4 9.4 24.6 0 33.9l-136 136c-9.4 9.5-24.6 9.5-34 .1zm34 192l136-136c9.4-9.4 9.4-24.6 0-33.9l-22.6-22.6c-9.4-9.4-24.6-9.4-33.9 0L160 352.1l-96.4-96.4c-9.4-9.4-24.6-9.4-33.9 0L7 278.3c-9.4 9.4-9.4 24.6 0 33.9l136 136c9.4 9.5 24.6 9.5 34 .1z\"><\/path><\/svg><\/span>\n\t\t\t\t\t\t\t\t<span class=\"elementor-toggle-icon-opened\"><svg class=\"elementor-toggle-icon-opened e-font-icon-svg e-fas-caret-up\" viewBox=\"0 0 320 512\" xmlns=\"http:\/\/www.w3.org\/2000\/svg\"><path d=\"M288.662 352H31.338c-17.818 0-26.741-21.543-14.142-34.142l128.662-128.662c7.81-7.81 20.474-7.81 28.284 0l128.662 128.662c12.6 12.599 3.676 34.142-14.142 34.142z\"><\/path><\/svg><\/span>\n\t\t\t\t\t\t\t\t\t\t\t\t\t<\/span>\n\t\t\t\t\t\t\t\t\t\t\t\t<a class=\"elementor-toggle-title\" tabindex=\"0\">Catalog<\/a>\n\t\t\t\t\t<\/div>\n\n\t\t\t\t\t<div id=\"elementor-tab-content-8091\" class=\"elementor-tab-content elementor-clearfix\" data-tab=\"1\" role=\"region\" aria-labelledby=\"elementor-tab-title-8091\"><p><a href=\"https:\/\/tapess.hr\/wp-content\/uploads\/2020\/04\/DEPLIANT_NANO_AB_HR.pdf\" data-wplink-url-error=\"true\">Download<\/a><\/p>\n<p>\u00a0<\/p>\n<\/div>\n\t\t\t\t<\/div>\n\t\t\t\t\t\t\t\t<\/div>\n\t\t\t\t\t\t<\/div>\n\t\t\t\t\t<\/div>\n\t\t<\/div>\n\t\t\t\t<div class=\"elementor-column elementor-col-50 elementor-top-column elementor-element elementor-element-ceddbe6\" data-id=\"ceddbe6\" data-element_type=\"column\">\n\t\t\t<div class=\"elementor-widget-wrap elementor-element-populated\">\n\t\t\t\t\t\t<div class=\"elementor-element elementor-element-3ce3ef2 elementor-widget elementor-widget-bdt-protected-content\" data-id=\"3ce3ef2\" data-element_type=\"widget\" data-widget_type=\"bdt-protected-content.default\">\n\t\t\t\t<div class=\"elementor-widget-container\">\n\t\t\t\t\t\t\t\n\t\t<div class=\"bdt-protected-content\"> \n\n\t\t\t\t\t<div class=\"bdt-protected-content-message\">\n\t\t\t\n\t\t\t\t\n\t\t\t\t\t\t\t\t\t\t\t<div class=\"bdt-protected-content-message-text\">\n\t\t\t\t\t\t\t    <div class=\"bdt-alert-warning\" bdt-alert>\r\n                    <a class=\"bdt-alert-close\" bdt-close><\/a>\r\n                Manual    <\/div>\r\n    \t\t\t\t\t\t<\/div>\n\t\t\t\t\t\t\t\t\t\n\t\t\t\t\n\t\t\t\t\t\t<\/div>  \n\t\t\t    <div class=\"bdt-password-protected-content-fields\">\n\t        <form method=\"post\" class=\"bdt-grid bdt-grid-small\" bdt-grid>\n\t            <div class=\"bdt-width-auto\">\n\t                <input type=\"password\" name=\"content_password\" class=\"bdt-input bdt-password bdt-form-width-medium\" placeholder=\"Enter Password\" \/>\n\t            <\/div>\n\t            <div class=\"bdt-width-auto\">\n\t                <input type=\"submit\" value=\"Submit\" class=\"bdt-button bdt-button-primary\" \/>\n\t            <\/div>\n\t        <\/form>\n\n\t    <\/div>\n\t    \t    <\/div>\n\n\t    \t\t\t\t<\/div>\n\t\t\t\t<\/div>\n\t\t\t\t\t<\/div>\n\t\t<\/div>\n\t\t\t\t\t<\/div>\n\t\t<\/section>\n\t\t\t\t<\/div>\n\t\t","protected":false},"excerpt":{"rendered":"<ul>\n<li> <strong> FIMAP NANO <\/strong> is a compact and lightweight vacuum cleaner, convenient to use and move. It has a 700 W motor, suitable for professional use. <br \/>\nIt is perfect for small and medium-sized environments for daily cleaning of shops, hotel rooms, offices, kindergartens, schools, etc &#8230; <\/li>\n<li> <strong> EUROPEAN ENERGY LABEL <\/strong> <br \/>\nFimap&#8217;s range of vacuum cleaners follows the efficiency standards required by the European Commission, effective from September 1, 2017 <\/li>\n<\/ul>\n","protected":false},"featured_media":8148,"template":"","meta":[],"product_cat":[330,333],"product_tag":[],"yst_prominent_words":[],"class_list":["post-8147","product","type-product","status-publish","has-post-thumbnail","hentry","product_cat-cleaning-machines","product_cat-vacuum-cleaners","pa_brand-fato-en-2"],"_links":{"self":[{"href":"https:\/\/tapess.hr\/en\/wp-json\/wp\/v2\/product\/8147"}],"collection":[{"href":"https:\/\/tapess.hr\/en\/wp-json\/wp\/v2\/product"}],"about":[{"href":"https:\/\/tapess.hr\/en\/wp-json\/wp\/v2\/types\/product"}],"version-history":[{"count":0,"href":"https:\/\/tapess.hr\/en\/wp-json\/wp\/v2\/product\/8147\/revisions"}],"wp:featuredmedia":[{"embeddable":true,"href":"https:\/\/tapess.hr\/en\/wp-json\/wp\/v2\/media\/8148"}],"wp:attachment":[{"href":"https:\/\/tapess.hr\/en\/wp-json\/wp\/v2\/media?parent=8147"}],"wp:term":[{"taxonomy":"product_cat","embeddable":true,"href":"https:\/\/tapess.hr\/en\/wp-json\/wp\/v2\/product_cat?post=8147"},{"taxonomy":"product_tag","embeddable":true,"href":"https:\/\/tapess.hr\/en\/wp-json\/wp\/v2\/product_tag?post=8147"},{"taxonomy":"yst_prominent_words","embeddable":true,"href":"https:\/\/tapess.hr\/en\/wp-json\/wp\/v2\/yst_prominent_words?post=8147"}],"curies":[{"name":"wp","href":"https:\/\/api.w.org\/{rel}","templated":true}]}}