{"id":8196,"date":"2020-04-29T11:45:00","date_gmt":"2020-04-29T09:45:00","guid":{"rendered":"https:\/\/tapess.hr\/product\/fimap-imx\/"},"modified":"2021-01-31T02:08:20","modified_gmt":"2021-01-31T01:08:20","slug":"fimap-imx","status":"publish","type":"product","link":"https:\/\/tapess.hr\/en\/proizvod\/fimap-imx\/","title":{"rendered":"FIMAP IMX"},"content":{"rendered":"\t\t<div data-elementor-type=\"product-post\" data-elementor-id=\"8196\" class=\"elementor elementor-8196 elementor-3232\" data-elementor-post-type=\"product\">\n\t\t\t\t\t\t<section class=\"elementor-section elementor-top-section elementor-element elementor-element-24658285 elementor-section-stretched elementor-section-full_width elementor-section-height-default elementor-section-height-default\" data-id=\"24658285\" data-element_type=\"section\" data-settings=\"{&quot;stretch_section&quot;:&quot;section-stretched&quot;}\">\n\t\t\t\t\t\t<div class=\"elementor-container elementor-column-gap-default\">\n\t\t\t\t\t<div class=\"elementor-column elementor-col-50 elementor-top-column elementor-element elementor-element-2424c395\" data-id=\"2424c395\" data-element_type=\"column\">\n\t\t\t<div class=\"elementor-widget-wrap elementor-element-populated\">\n\t\t\t\t\t\t<div class=\"elementor-element elementor-element-e1edebe elementor-drop-cap-yes elementor-drop-cap-view-default elementor-widget elementor-widget-text-editor\" data-id=\"e1edebe\" data-element_type=\"widget\" data-settings=\"{&quot;drop_cap&quot;:&quot;yes&quot;}\" data-widget_type=\"text-editor.default\">\n\t\t\t\t\t\t\t\t\t<table width=\"401\">\n<tbody>\n<tr>\n<td width=\"231\">\n<p><strong> TECHNICAL <\/strong><strong> CHARACTERISTICS <\/strong><\/p>\n<\/td>\n<td width=\"171\">\n<p><strong> iMX<\/strong><\/p>\n<\/td>\n<\/tr>\n<tr>\n<td width=\"231\">\n<p><strong> Working width <\/strong><\/p>\n<\/td>\n<td width=\"171\">\n<p>510 mm<\/p>\n<\/td>\n<\/tr>\n<tr>\n<td width=\"231\">\n<p><strong> Brush motor <\/strong><\/p>\n<\/td>\n<td width=\"171\">\n<p>500 W<\/p>\n<\/td>\n<\/tr>\n<tr>\n<td width=\"231\">\n<p><strong> Working drive <\/strong><\/p>\n<\/td>\n<td width=\"171\">\n<p>24V<\/p>\n<\/td>\n<\/tr>\n<tr>\n<td width=\"231\">\n<p><strong> Suction width <\/strong><\/p>\n<\/td>\n<td width=\"171\">\n<p>680 \/ 780 opcija<\/p>\n<\/td>\n<\/tr>\n<tr>\n<td width=\"231\">\n<p><strong> Tank capacity <\/strong><\/p>\n<\/td>\n<td width=\"171\">\n<p>40\/40 lit<\/p>\n<\/td>\n<\/tr>\n<tr>\n<td width=\"231\">\n<p><strong> Working speed <\/strong><\/p>\n<\/td>\n<td width=\"171\">\n<p>3,5 km\/h<\/p>\n<\/td>\n<\/tr>\n<tr>\n<td width=\"231\">\n<p><strong> Weight of machine without batteries <\/strong><\/p>\n<\/td>\n<td width=\"171\">\n<p>76 kg<\/p>\n<\/td>\n<\/tr>\n<tr>\n<td width=\"231\">\n<p><strong> Dimensions <\/strong><\/p>\n<\/td>\n<td width=\"171\">\n<p>118X103X59 lwh<\/p>\n<\/td>\n<\/tr>\n<tr>\n<td width=\"231\">\n<p><strong> Performance<\/strong><\/p>\n<\/td>\n<td width=\"171\">\n<p>Up to 1500 m2\/h<\/p>\n<\/td>\n<\/tr>\n<\/tbody>\n<\/table>\n\t\t\t\t\t\t\t\t<\/div>\n\t\t\t\t\t<\/div>\n\t\t<\/div>\n\t\t\t\t<div class=\"elementor-column elementor-col-50 elementor-top-column elementor-element elementor-element-7643e7a\" data-id=\"7643e7a\" data-element_type=\"column\">\n\t\t\t<div class=\"elementor-widget-wrap elementor-element-populated\">\n\t\t\t\t\t\t<div class=\"elementor-element elementor-element-a096034 elementor-widget elementor-widget-video\" data-id=\"a096034\" data-element_type=\"widget\" data-settings=\"{&quot;youtube_url&quot;:&quot;https:\\\/\\\/youtu.be\\\/QBzzr9261SE&quot;,&quot;lazy_load&quot;:&quot;yes&quot;,&quot;video_type&quot;:&quot;youtube&quot;,&quot;controls&quot;:&quot;yes&quot;}\" data-widget_type=\"video.default\">\n\t\t\t\t\t\t\t<div class=\"elementor-wrapper elementor-open-inline\">\n\t\t\t<div class=\"elementor-video\"><\/div>\t\t<\/div>\n\t\t\t\t\t\t<\/div>\n\t\t\t\t\t<\/div>\n\t\t<\/div>\n\t\t\t\t\t<\/div>\n\t\t<\/section>\n\t\t\t\t<section class=\"elementor-section elementor-top-section elementor-element elementor-element-2749ab0 elementor-section-stretched elementor-section-full_width elementor-section-height-default elementor-section-height-default\" data-id=\"2749ab0\" data-element_type=\"section\" data-settings=\"{&quot;stretch_section&quot;:&quot;section-stretched&quot;}\">\n\t\t\t\t\t\t<div class=\"elementor-container elementor-column-gap-default\">\n\t\t\t\t\t<div class=\"elementor-column elementor-col-50 elementor-top-column elementor-element elementor-element-d881b09\" data-id=\"d881b09\" data-element_type=\"column\">\n\t\t\t<div class=\"elementor-widget-wrap elementor-element-populated\">\n\t\t\t\t\t\t<div class=\"elementor-element elementor-element-07b8898 elementor-widget elementor-widget-toggle\" data-id=\"07b8898\" data-element_type=\"widget\" data-widget_type=\"toggle.default\">\n\t\t\t\t\t\t\t<div class=\"elementor-toggle\">\n\t\t\t\t\t\t\t<div class=\"elementor-toggle-item\">\n\t\t\t\t\t<div id=\"elementor-tab-title-8091\" class=\"elementor-tab-title\" data-tab=\"1\" role=\"button\" aria-controls=\"elementor-tab-content-8091\" aria-expanded=\"false\">\n\t\t\t\t\t\t\t\t\t\t\t\t<span class=\"elementor-toggle-icon elementor-toggle-icon-left\" aria-hidden=\"true\">\n\t\t\t\t\t\t\t\t\t\t\t\t\t\t\t<span class=\"elementor-toggle-icon-closed\"><svg class=\"e-font-icon-svg e-fas-angle-double-down\" viewBox=\"0 0 320 512\" xmlns=\"http:\/\/www.w3.org\/2000\/svg\"><path d=\"M143 256.3L7 120.3c-9.4-9.4-9.4-24.6 0-33.9l22.6-22.6c9.4-9.4 24.6-9.4 33.9 0l96.4 96.4 96.4-96.4c9.4-9.4 24.6-9.4 33.9 0L313 86.3c9.4 9.4 9.4 24.6 0 33.9l-136 136c-9.4 9.5-24.6 9.5-34 .1zm34 192l136-136c9.4-9.4 9.4-24.6 0-33.9l-22.6-22.6c-9.4-9.4-24.6-9.4-33.9 0L160 352.1l-96.4-96.4c-9.4-9.4-24.6-9.4-33.9 0L7 278.3c-9.4 9.4-9.4 24.6 0 33.9l136 136c9.4 9.5 24.6 9.5 34 .1z\"><\/path><\/svg><\/span>\n\t\t\t\t\t\t\t\t<span class=\"elementor-toggle-icon-opened\"><svg class=\"elementor-toggle-icon-opened e-font-icon-svg e-fas-caret-up\" viewBox=\"0 0 320 512\" xmlns=\"http:\/\/www.w3.org\/2000\/svg\"><path d=\"M288.662 352H31.338c-17.818 0-26.741-21.543-14.142-34.142l128.662-128.662c7.81-7.81 20.474-7.81 28.284 0l128.662 128.662c12.6 12.599 3.676 34.142-14.142 34.142z\"><\/path><\/svg><\/span>\n\t\t\t\t\t\t\t\t\t\t\t\t\t<\/span>\n\t\t\t\t\t\t\t\t\t\t\t\t<a class=\"elementor-toggle-title\" tabindex=\"0\">Catalog<\/a>\n\t\t\t\t\t<\/div>\n\n\t\t\t\t\t<div id=\"elementor-tab-content-8091\" class=\"elementor-tab-content elementor-clearfix\" data-tab=\"1\" role=\"region\" aria-labelledby=\"elementor-tab-title-8091\"><p><a href=\"https:\/\/tapess.hr\/wp-content\/uploads\/2020\/04\/iMx_HR_prospekt-1.pdf\" data-wplink-url-error=\"true\">Katalog 1<\/a><\/p>\n<p><a href=\"https:\/\/tapess.hr\/wp-content\/uploads\/2020\/04\/iMx_HR_prospekt-2.pdf\" data-wplink-url-error=\"true\">Katalog 2<\/a><\/p>\n<p>\u00a0<\/p>\n<\/div>\n\t\t\t\t<\/div>\n\t\t\t\t\t\t\t\t<\/div>\n\t\t\t\t\t\t<\/div>\n\t\t\t\t\t<\/div>\n\t\t<\/div>\n\t\t\t\t<div class=\"elementor-column elementor-col-50 elementor-top-column elementor-element elementor-element-ceddbe6\" data-id=\"ceddbe6\" data-element_type=\"column\">\n\t\t\t<div class=\"elementor-widget-wrap elementor-element-populated\">\n\t\t\t\t\t\t<div class=\"elementor-element elementor-element-3ce3ef2 elementor-widget elementor-widget-bdt-protected-content\" data-id=\"3ce3ef2\" data-element_type=\"widget\" data-widget_type=\"bdt-protected-content.default\">\n\t\t\t\t<div class=\"elementor-widget-container\">\n\t\t\t\t\t\t\t\n\t\t<div class=\"bdt-protected-content\"> \n\n\t\t\t\t\t<div class=\"bdt-protected-content-message\">\n\t\t\t\n\t\t\t\t\n\t\t\t\t\t\t\t\t\t\t\t<div class=\"bdt-protected-content-message-text\">\n\t\t\t\t\t\t\t    <div class=\"bdt-alert-warning\" bdt-alert>\r\n                Operating Instructions \/ Video Machine Maintenance    <\/div>\r\n    \t\t\t\t\t\t<\/div>\n\t\t\t\t\t\t\t\t\t\n\t\t\t\t\n\t\t\t\t\t\t<\/div>  \n\t\t\t    <div class=\"bdt-password-protected-content-fields\">\n\t        <form method=\"post\" class=\"bdt-grid bdt-grid-small\" bdt-grid>\n\t            <div class=\"bdt-width-auto\">\n\t                <input type=\"password\" name=\"content_password\" class=\"bdt-input bdt-password bdt-form-width-medium\" placeholder=\"Enter Password\" \/>\n\t            <\/div>\n\t            <div class=\"bdt-width-auto\">\n\t                <input type=\"submit\" value=\"Submit\" class=\"bdt-button bdt-button-primary\" \/>\n\t            <\/div>\n\t        <\/form>\n\n\t    <\/div>\n\t    \t    <\/div>\n\n\t    \t\t\t\t<\/div>\n\t\t\t\t<\/div>\n\t\t\t\t\t<\/div>\n\t\t<\/div>\n\t\t\t\t\t<\/div>\n\t\t<\/section>\n\t\t\t\t<section class=\"elementor-section elementor-top-section elementor-element elementor-element-2b980a6 elementor-section-boxed elementor-section-height-default elementor-section-height-default\" data-id=\"2b980a6\" data-element_type=\"section\">\n\t\t\t\t\t\t<div class=\"elementor-container elementor-column-gap-default\">\n\t\t\t\t\t<div class=\"elementor-column elementor-col-100 elementor-top-column elementor-element elementor-element-b9f0495\" data-id=\"b9f0495\" data-element_type=\"column\">\n\t\t\t<div class=\"elementor-widget-wrap elementor-element-populated\">\n\t\t\t\t\t\t<div class=\"elementor-element elementor-element-213ae71 elementor-widget elementor-widget-heading\" data-id=\"213ae71\" data-element_type=\"widget\" data-widget_type=\"heading.default\">\n\t\t\t\t\t<h2 class=\"elementor-heading-title elementor-size-default\">FFM - FIMAP FLEET MANAGEMENT<\/h2>\t\t\t\t<\/div>\n\t\t\t\t<section class=\"elementor-section elementor-inner-section elementor-element elementor-element-2fef129 elementor-section-boxed elementor-section-height-default elementor-section-height-default\" data-id=\"2fef129\" data-element_type=\"section\">\n\t\t\t\t\t\t<div class=\"elementor-container elementor-column-gap-default\">\n\t\t\t\t\t<div class=\"elementor-column elementor-col-50 elementor-inner-column elementor-element elementor-element-c82f0a7\" data-id=\"c82f0a7\" data-element_type=\"column\">\n\t\t\t<div class=\"elementor-widget-wrap elementor-element-populated\">\n\t\t\t\t\t\t<div class=\"elementor-element elementor-element-2332aaa elementor-widget elementor-widget-text-editor\" data-id=\"2332aaa\" data-element_type=\"widget\" data-widget_type=\"text-editor.default\">\n\t\t\t\t\t\t\t\t\t<p>Otkrijte FFM i iskusite prednosti stalnog povezivanja, s My.Machine aplikacijom!<\/p>\n<p>FFM je sustav upravljanja voznim parkom koji prikuplja podatke koje \u0161alje svaki stroj i pretvara ih u vrijedne podatke koje mo\u017eete vidjeti na va\u0161em pametnom telefonu ili tabletu, zahvaljuju\u0107i aplikaciji My.Machine.<\/p>\n<p>Mo\u017eete bilo kada provjeriti polo\u017eaj i zdravstveno stanje stroja, zajedno s o\u010di\u0161\u0107enim \u010detvornim metrima i podacima o potro\u0161nji. Na ovaj se na\u010din mogu izvr\u0161iti potrebne procjene kako bi se kupcima ponudila najbolja i u\u010dinkovita usluga.<\/p>\n\t\t\t\t\t\t\t\t<\/div>\n\t\t\t\t\t<\/div>\n\t\t<\/div>\n\t\t\t\t<div class=\"elementor-column elementor-col-50 elementor-inner-column elementor-element elementor-element-e5b28e0\" data-id=\"e5b28e0\" data-element_type=\"column\">\n\t\t\t<div class=\"elementor-widget-wrap elementor-element-populated\">\n\t\t\t\t\t\t<div class=\"elementor-element elementor-element-4830bf0 elementor-widget elementor-widget-image\" data-id=\"4830bf0\" data-element_type=\"widget\" data-widget_type=\"image.default\">\n\t\t\t\t\t\t\t\t\t\t\t\t\t\t\t<img fetchpriority=\"high\" decoding=\"async\" width=\"800\" height=\"450\" src=\"https:\/\/tapess.hr\/wp-content\/uploads\/2020\/04\/ffm.jpg\" class=\"attachment-full size-full wp-image-3478\" alt=\"\" srcset=\"https:\/\/tapess.hr\/wp-content\/uploads\/2020\/04\/ffm.jpg 800w, https:\/\/tapess.hr\/wp-content\/uploads\/2020\/04\/ffm-300x169.jpg 300w, https:\/\/tapess.hr\/wp-content\/uploads\/2020\/04\/ffm-150x84.jpg 150w, https:\/\/tapess.hr\/wp-content\/uploads\/2020\/04\/ffm-600x338.jpg 600w\" sizes=\"(max-width: 360px) 147px, (max-width: 800px) 100vw, 800px\" \/>\t\t\t\t\t\t\t\t\t\t\t\t\t\t\t<\/div>\n\t\t\t\t\t<\/div>\n\t\t<\/div>\n\t\t\t\t\t<\/div>\n\t\t<\/section>\n\t\t\t\t<div class=\"elementor-element elementor-element-3905d16 elementor-widget elementor-widget-video\" data-id=\"3905d16\" data-element_type=\"widget\" data-settings=\"{&quot;youtube_url&quot;:&quot;https:\\\/\\\/youtu.be\\\/lsaRm6xHKc4&quot;,&quot;show_image_overlay&quot;:&quot;yes&quot;,&quot;image_overlay&quot;:{&quot;url&quot;:&quot;https:\\\/\\\/tapess.hr\\\/wp-content\\\/uploads\\\/2020\\\/04\\\/maxresdefault.jpg&quot;,&quot;id&quot;:3477,&quot;size&quot;:&quot;&quot;},&quot;video_type&quot;:&quot;youtube&quot;,&quot;controls&quot;:&quot;yes&quot;}\" data-widget_type=\"video.default\">\n\t\t\t\t\t\t\t<div class=\"elementor-wrapper elementor-open-inline\">\n\t\t\t<div class=\"elementor-video\"><\/div>\t\t\t\t<div class=\"elementor-custom-embed-image-overlay\" style=\"background-image: url(https:\/\/tapess.hr\/wp-content\/uploads\/2020\/04\/maxresdefault.jpg);\">\n\t\t\t\t\t\t\t\t\t\t\t\t\t\t\t\t<div class=\"elementor-custom-embed-play\" role=\"button\" aria-label=\"Play Video\" tabindex=\"0\">\n\t\t\t\t\t\t\t<svg aria-hidden=\"true\" class=\"e-font-icon-svg e-eicon-play\" viewBox=\"0 0 1000 1000\" xmlns=\"http:\/\/www.w3.org\/2000\/svg\"><path d=\"M838 162C746 71 633 25 500 25 371 25 258 71 163 162 71 254 25 367 25 500 25 633 71 746 163 837 254 929 367 979 500 979 633 979 746 933 838 837 929 746 975 633 975 500 975 367 929 254 838 162M808 192C892 279 933 379 933 500 933 621 892 725 808 808 725 892 621 938 500 938 379 938 279 896 196 808 113 725 67 621 67 500 67 379 108 279 196 192 279 108 383 62 500 62 621 62 721 108 808 192M438 392V642L642 517 438 392Z\"><\/path><\/svg>\t\t\t\t\t\t<\/div>\n\t\t\t\t\t\t\t\t\t<\/div>\n\t\t\t\t\t<\/div>\n\t\t\t\t\t\t<\/div>\n\t\t\t\t<div class=\"elementor-element elementor-element-30f8d35 bdt-navigation-type-arrows bdt-custom-carousel-style-carousel elementor-widget elementor-widget-bdt-custom-carousel\" data-id=\"30f8d35\" data-element_type=\"widget\" data-widget_type=\"bdt-custom-carousel.default\">\n\t\t\t\t<div class=\"elementor-widget-container\">\n\t\t\t\t\t\t\t<div id=\"bdt-custom-carousel-30f8d35\" class=\"bdt-custom-carousel elementor-swiper bdt-custom-carousel-skin-default bdt-arrows-align-center\" bdt-lightbox=\"toggle: .bdt-custom-carousel-lightbox-item; animation: slide;\" data-settings=\"{&quot;autoplay&quot;:{&quot;delay&quot;:5000},&quot;loop&quot;:true,&quot;speed&quot;:500,&quot;effect&quot;:&quot;carousel&quot;,&quot;breakpoints&quot;:{&quot;767&quot;:{&quot;slidesPerView&quot;:0,&quot;spaceBetween&quot;:&quot;&quot;,&quot;slidesPerGroup&quot;:0},&quot;1023&quot;:{&quot;slidesPerView&quot;:3,&quot;spaceBetween&quot;:&quot;&quot;,&quot;slidesPerGroup&quot;:1}},&quot;navigation&quot;:{&quot;nextEl&quot;:&quot;#bdt-custom-carousel-30f8d35 .bdt-navigation-next&quot;,&quot;prevEl&quot;:&quot;#bdt-custom-carousel-30f8d35 .bdt-navigation-prev&quot;},&quot;pagination&quot;:{&quot;el&quot;:&quot;#bdt-custom-carousel-30f8d35 .swiper-pagination&quot;,&quot;type&quot;:&quot;&quot;,&quot;clickable&quot;:&quot;true&quot;,&quot;dynamicBullets&quot;:false},&quot;scrollbar&quot;:{&quot;el&quot;:&quot;#bdt-custom-carousel-30f8d35 .swiper-scrollbar&quot;,&quot;hide&quot;:&quot;true&quot;},&quot;coverflowEffect&quot;:{&quot;rotate&quot;:50,&quot;stretch&quot;:0,&quot;depth&quot;:100,&quot;modifier&quot;:1,&quot;slideShadows&quot;:true}}\">\n\t\t\t<div class=\"swiper-container\">\n\t\t\t\t<div class=\"swiper-wrapper\">\n\t\t\t\t\t<div class=\"swiper-slide bdt-custom-carousel-item bdt-transition-toggle\">\n\t\t\t\t\t\t<div class=\"bdt-custom-carousel-thumbnail\" style=\"background-image: url(https:\/\/tapess.hr\/wp-content\/uploads\/2020\/04\/6_maxima_connettivita.jpg)\"><\/div>\n\t\t\n\t\t\n\t\t\t\t\t<\/div>\n\t\t\t\t\t\t<div class=\"swiper-slide bdt-custom-carousel-item bdt-transition-toggle\">\n\t\t\t\t\t\t<div class=\"bdt-custom-carousel-thumbnail\" style=\"background-image: url(https:\/\/tapess.hr\/wp-content\/uploads\/2020\/04\/6maxresdefault.jpg)\"><\/div>\n\t\t\n\t\t\n\t\t\t\t\t<\/div>\n\t\t\t\t\t\t<div class=\"swiper-slide bdt-custom-carousel-item bdt-transition-toggle\">\n\t\t\t\t\t\t<div class=\"bdt-custom-carousel-thumbnail\" style=\"background-image: url(https:\/\/tapess.hr\/wp-content\/uploads\/2020\/04\/DV3NfNVX4AA8Qpw.jpg)\"><\/div>\n\t\t\n\t\t\n\t\t\t\t\t<\/div>\n\t\t\t\t\t\t<div class=\"swiper-slide bdt-custom-carousel-item bdt-transition-toggle\">\n\t\t\t\t\t\t<div class=\"bdt-custom-carousel-thumbnail\" style=\"background-image: url(https:\/\/tapess.hr\/wp-content\/uploads\/2020\/04\/flotte.jpg)\"><\/div>\n\t\t\n\t\t\n\t\t\t\t\t<\/div>\n\t\t\t\t\t\t<div class=\"swiper-slide bdt-custom-carousel-item bdt-transition-toggle\">\n\t\t\t\t\t\t<div class=\"bdt-custom-carousel-thumbnail\" style=\"background-image: url(https:\/\/tapess.hr\/wp-content\/uploads\/2020\/04\/maxresdefault.jpg)\"><\/div>\n\t\t\n\t\t\n\t\t\t\t\t<\/div>\n\t\t\t\t\t\t\t<\/div>\n\n\t\t\t\t\n\t\t\t<\/div>\n\n\t\t\t\t\t\t\t\n\t\t\t\t\t\t\t\n\t\t\t\t\t\t\t\t\t\t\t\t\t<div class=\"bdt-position-z-index bdt-position-center bdt-visible@m\">\n\t\t\t\t<div class=\"bdt-arrows-container bdt-slidenav-container\">\n\t\t\t\t\t<a href=\"\" class=\"bdt-navigation-prev bdt-slidenav-previous bdt-icon bdt-slidenav\">\n\t\t\t\t\t\t<i class=\"ep-arrow-left-5\" aria-hidden=\"true\"><\/i>\n\t\t\t\t\t<\/a>\n\t\t\t\t\t<a href=\"\" class=\"bdt-navigation-next bdt-slidenav-next bdt-icon bdt-slidenav\">\n\t\t\t\t\t\t<i class=\"ep-arrow-right-5\" aria-hidden=\"true\"><\/i>\n\t\t\t\t\t<\/a>\n\t\t\t\t<\/div>\n\t\t\t<\/div>\n\t\t\t\t\t\t\n\t\t\t\t\t\t\n\t\t<\/div>\n\t\t\t\t\t\t<\/div>\n\t\t\t\t<\/div>\n\t\t\t\t\t<\/div>\n\t\t<\/div>\n\t\t\t\t\t<\/div>\n\t\t<\/section>\n\t\t\t\t<\/div>\n\t\t","protected":false},"excerpt":{"rendered":"<ul>\n<li> <strong> FIMAP iMX BB CB <\/strong> &#8211; scrubber and vacuum cleaner Designed to be easy to use and maintain. Reduces cleaning time and increases productivity. <\/li>\n<li> Designed to provide high quality and versatility in application, FIMAP is the iMX &#8211; grating and vacuuming device. The robust interior structure is made of aluminum, while the exterior is a perfect blend of aesthetics, ergonomics and practicality. Every detail has been carefully designed to facilitate access and ease of movement, while making the machine even more robust and reliable. <\/li>\n<li> Available in battery version with semi-automatic or automatic drive, with one 51 cm brush. <\/li>\n<li> Ideal for cleaning schools, supermarkets, warehouses, salons, workshops, healthcare facilities, homes, sports centers and hotels. <\/li>\n<\/ul>\n","protected":false},"featured_media":8197,"template":"","meta":[],"product_cat":[330,331],"product_tag":[],"yst_prominent_words":[],"class_list":["post-8196","product","type-product","status-publish","has-post-thumbnail","hentry","product_cat-cleaning-machines","product_cat-cleaning-machines-en","pa_brand-fato-en-2"],"_links":{"self":[{"href":"https:\/\/tapess.hr\/en\/wp-json\/wp\/v2\/product\/8196"}],"collection":[{"href":"https:\/\/tapess.hr\/en\/wp-json\/wp\/v2\/product"}],"about":[{"href":"https:\/\/tapess.hr\/en\/wp-json\/wp\/v2\/types\/product"}],"version-history":[{"count":0,"href":"https:\/\/tapess.hr\/en\/wp-json\/wp\/v2\/product\/8196\/revisions"}],"wp:featuredmedia":[{"embeddable":true,"href":"https:\/\/tapess.hr\/en\/wp-json\/wp\/v2\/media\/8197"}],"wp:attachment":[{"href":"https:\/\/tapess.hr\/en\/wp-json\/wp\/v2\/media?parent=8196"}],"wp:term":[{"taxonomy":"product_cat","embeddable":true,"href":"https:\/\/tapess.hr\/en\/wp-json\/wp\/v2\/product_cat?post=8196"},{"taxonomy":"product_tag","embeddable":true,"href":"https:\/\/tapess.hr\/en\/wp-json\/wp\/v2\/product_tag?post=8196"},{"taxonomy":"yst_prominent_words","embeddable":true,"href":"https:\/\/tapess.hr\/en\/wp-json\/wp\/v2\/yst_prominent_words?post=8196"}],"curies":[{"name":"wp","href":"https:\/\/api.w.org\/{rel}","templated":true}]}}