{"id":9123,"date":"2020-04-09T19:21:49","date_gmt":"2020-04-09T17:21:49","guid":{"rendered":"https:\/\/tapess.hr\/product\/krpa-pva\/"},"modified":"2021-01-31T06:15:45","modified_gmt":"2021-01-31T05:15:45","slug":"krpa-pva","status":"publish","type":"product","link":"https:\/\/tapess.hr\/en\/proizvod\/krpa-pva\/","title":{"rendered":"VILEDA Aluminum rod 140cm"},"content":{"rendered":"\t\t<div data-elementor-type=\"product-post\" data-elementor-id=\"9123\" class=\"elementor elementor-9123 elementor-394\" data-elementor-post-type=\"product\">\n\t\t\t\t\t\t<section class=\"elementor-section elementor-top-section elementor-element elementor-element-44a6fecb elementor-section-stretched elementor-section-full_width elementor-section-height-default elementor-section-height-default\" data-id=\"44a6fecb\" data-element_type=\"section\" data-settings=\"{&quot;stretch_section&quot;:&quot;section-stretched&quot;}\">\n\t\t\t\t\t\t<div class=\"elementor-container elementor-column-gap-default\">\n\t\t\t\t\t<div class=\"elementor-column elementor-col-50 elementor-top-column elementor-element elementor-element-494a8f44\" data-id=\"494a8f44\" data-element_type=\"column\">\n\t\t\t<div class=\"elementor-widget-wrap elementor-element-populated\">\n\t\t\t\t\t\t<div class=\"elementor-element elementor-element-a0bf60b elementor-widget-divider--view-line elementor-widget elementor-widget-divider\" data-id=\"a0bf60b\" data-element_type=\"widget\" data-widget_type=\"divider.default\">\n\t\t\t\t\t\t\t<div class=\"elementor-divider\">\n\t\t\t<span class=\"elementor-divider-separator\">\n\t\t\t\t\t\t<\/span>\n\t\t<\/div>\n\t\t\t\t\t\t<\/div>\n\t\t\t\t<div class=\"elementor-element elementor-element-4000d455 elementor-widget elementor-widget-text-editor\" data-id=\"4000d455\" data-element_type=\"widget\" data-widget_type=\"text-editor.default\">\n\t\t\t\t\t\t\t\t\t<p style=\"text-align: center;\">\n<p style=\"text-align: center;\">Sa vi\u0161e od 20 godina iskustva u profesionalnoj higijeni na hrvatskom tr\u017ei\u0161tu, znamo koliko je va\u017eno imati kvalitetnu opremu za \u010di\u0161\u0107enje i odr\u017eavanje. Iz tog razloga u na\u0161em asortimanu potro\u0161nog higijenskog materijala mo\u017eete prona\u0107i izuzetno kvalitetne proizvode kao \u0161to su: sinteti\u010dke i celulozne spu\u017evice, spu\u017eve od prirodnih vlakana, inox spu\u017evice, vi\u0161enamjenske krpe, krpe od mikrofibre, metle, \u010detke, mopove sa kojima garantiramo u\u0161tedu i efikasnost . <\/p>\n<p style = \"text-align: center;\"> With more than 20 years of experience in professional hygiene on the Croatian market, we know how important it is to have quality cleaning and maintenance equipment. For this reason, in our range of hygienic consumables you can find high quality products such as: synthetic and cellulose sponges, natural fiber sponges, stainless steel sponges, multi-purpose cloths, microfiber cloths, brooms, brushes, mops with which we guarantee savings and efficiency.<\/p>\n\t\t\t\t\t\t\t\t<\/div>\n\t\t\t\t<div class=\"elementor-element elementor-element-1dfc920 elementor-widget-divider--view-line elementor-widget elementor-widget-divider\" data-id=\"1dfc920\" data-element_type=\"widget\" data-widget_type=\"divider.default\">\n\t\t\t\t\t\t\t<div class=\"elementor-divider\">\n\t\t\t<span class=\"elementor-divider-separator\">\n\t\t\t\t\t\t<\/span>\n\t\t<\/div>\n\t\t\t\t\t\t<\/div>\n\t\t\t\t\t<\/div>\n\t\t<\/div>\n\t\t\t\t<div class=\"elementor-column elementor-col-50 elementor-top-column elementor-element elementor-element-d58730b\" data-id=\"d58730b\" data-element_type=\"column\">\n\t\t\t<div class=\"elementor-widget-wrap elementor-element-populated\">\n\t\t\t\t\t\t<div class=\"elementor-element elementor-element-7d1a29d8 elementor-widget elementor-widget-image\" data-id=\"7d1a29d8\" data-element_type=\"widget\" data-widget_type=\"image.default\">\n\t\t\t\t\t\t\t\t\t\t\t\t\t\t\t<img fetchpriority=\"high\" decoding=\"async\" width=\"700\" height=\"259\" src=\"https:\/\/tapess.hr\/wp-content\/uploads\/2020\/04\/LogoHP_04599.jpg\" class=\"attachment-full size-full wp-image-3530\" alt=\"\" srcset=\"https:\/\/tapess.hr\/wp-content\/uploads\/2020\/04\/LogoHP_04599.jpg 700w, https:\/\/tapess.hr\/wp-content\/uploads\/2020\/04\/LogoHP_04599-300x111.jpg 300w, https:\/\/tapess.hr\/wp-content\/uploads\/2020\/04\/LogoHP_04599-150x56.jpg 150w, https:\/\/tapess.hr\/wp-content\/uploads\/2020\/04\/LogoHP_04599-600x222.jpg 600w\" sizes=\"(max-width: 360px) 147px, (max-width: 700px) 100vw, 700px\" \/>\t\t\t\t\t\t\t\t\t\t\t\t\t\t\t<\/div>\n\t\t\t\t\t<\/div>\n\t\t<\/div>\n\t\t\t\t\t<\/div>\n\t\t<\/section>\n\t\t\t\t<\/div>\n\t\t","protected":false},"excerpt":{"rendered":"<ul>\n<li> Vileda Professional aluminum rods are designed with superior ergonomics, performance and ease of use <\/li>\n<li> A good proof of success is the fact that this line of handles has been awarded for excellent product design <\/li>\n<li> The lightweight fixed handle has a long grip (18.5cm), ergonomically shaped with a rounded tip for a comfortable and good grip. <\/li>\n<li> Lightweight aluminum threaded handle. <\/li>\n<li> The four-color system makes it easy to distinguish different areas of use (buckles in different colors are available on request). <\/li>\n<li> 140 cm <\/li>\n<\/ul>\n","protected":false},"featured_media":9125,"template":"","meta":[],"product_cat":[271,266],"product_tag":[],"yst_prominent_words":[],"class_list":["post-9123","product","type-product","status-publish","has-post-thumbnail","hentry","product_cat-brushes-brooms-sticks","product_cat-cleaning-tools","pa_brand-vileda-en"],"_links":{"self":[{"href":"https:\/\/tapess.hr\/en\/wp-json\/wp\/v2\/product\/9123"}],"collection":[{"href":"https:\/\/tapess.hr\/en\/wp-json\/wp\/v2\/product"}],"about":[{"href":"https:\/\/tapess.hr\/en\/wp-json\/wp\/v2\/types\/product"}],"version-history":[{"count":0,"href":"https:\/\/tapess.hr\/en\/wp-json\/wp\/v2\/product\/9123\/revisions"}],"wp:featuredmedia":[{"embeddable":true,"href":"https:\/\/tapess.hr\/en\/wp-json\/wp\/v2\/media\/9125"}],"wp:attachment":[{"href":"https:\/\/tapess.hr\/en\/wp-json\/wp\/v2\/media?parent=9123"}],"wp:term":[{"taxonomy":"product_cat","embeddable":true,"href":"https:\/\/tapess.hr\/en\/wp-json\/wp\/v2\/product_cat?post=9123"},{"taxonomy":"product_tag","embeddable":true,"href":"https:\/\/tapess.hr\/en\/wp-json\/wp\/v2\/product_tag?post=9123"},{"taxonomy":"yst_prominent_words","embeddable":true,"href":"https:\/\/tapess.hr\/en\/wp-json\/wp\/v2\/yst_prominent_words?post=9123"}],"curies":[{"name":"wp","href":"https:\/\/api.w.org\/{rel}","templated":true}]}}